{"id":10971,"date":"2018-10-01T13:31:38","date_gmt":"2018-10-01T13:31:38","guid":{"rendered":"http:\/\/igcz.poznan.pl\/?page_id=10971\/"},"modified":"2025-10-31T09:16:38","modified_gmt":"2025-10-31T09:16:38","slug":"implementation","status":"publish","type":"page","link":"https:\/\/igcz.poznan.pl\/en\/hrs4r\/implementation\/","title":{"rendered":"Implementation"},"content":{"rendered":"<p>Calendar:<\/p>\n<p>07\/2017: prof. Micha\u0142 Witt, Director of the IHG PAS appointed the HR Working Group<\/p>\n<ol>\n<li><strong><u>prof. Ewa Zietkiewicz<\/u><\/strong> (<strong>F<\/strong>; R4) &#8211; <strong><u>head of the HR Working Group<\/u><\/strong><\/li>\n<li>assoc. prof. Monika Fr\u0105czek \u00a0\u00a0(<strong>F<\/strong>; R3)<\/li>\n<li>assoc. prof. Maciej Giefing \u00a0(<strong>M<\/strong>; R3)<\/li>\n<li>assoc. prof. Andrzej P\u0142awski \u00a0(<strong>M<\/strong>; R4)<\/li>\n<li>prof. Grzegorz Przybylski\u00a0\u00a0(<strong>M<\/strong>; R4)<\/li>\n<li>Ma\u0142gorzata Dawidowska, PhD (<strong>F<\/strong>; R2)<\/li>\n<li>Ewelina Ka\u0142u\u017cna, MSc (<strong>F<\/strong>; R1)<\/li>\n<li>Damian Janecki, MSc (<strong>M<\/strong>; R1)<\/li>\n<li>Monika Rusi\u0142owska, MSc (<strong>F<\/strong>)<\/li>\n<\/ol>\n<p>Steering Committee:<\/p>\n<ol>\n<li>prof. Micha\u0142 Witt (M; R4) &#8211; Director<\/li>\n<li>Ma\u0142gorzata Strecker, MSc (F) &#8211; Deputy Director for Administration<\/li>\n<\/ol>\n<p>08\/2017: prof. Micha\u0142 Witt, Director of the IHG PAS signed the <a href=\"http:\/\/igcz.poznan.pl\/wp-content\/uploads\/2017\/12\/Endorsement-letters.pdf\" target=\"\" rel=\"noopener\">endorsement letter<\/a> to <a href=\"https:\/\/euraxess.ec.europa.eu\/jobs\/charter\">the European Charter for Researchers and the Code of Conduct in Recruitment of Researchers<\/a><\/p>\n<p>08\/2017: questionnaire sent to all academic staff<\/p>\n<p>11\/2017: meetings of the Steering Committee with academic staff (R1-R2 and R3-R4) of the Institute to discuss proposed actions<\/p>\n<p>12\/2017: the HR Working Group prepared a report based on the gap analysis and results of the survey with the Action Plan 2018-2020 included.<\/p>\n<p>12\/2017: <a href=\"http:\/\/igcz.poznan.pl\/wp-content\/uploads\/2017\/12\/hrs4r-template-IHG-PAS.pdf\" target=\"\" rel=\"noopener\">report<\/a> sent to the European Commission.<\/p>\n<p>09\/2018: changes in the Working Group: Agnieszka Mo\u017cejko (F) replaces Monika Rusi\u0142owska (maternity leave) and Maciej \u015amia\u0142ek (M) replaces Damian Janecki (intership).<\/p>\n<p><strong>On January 18, 2019 the Institute of Human Genetics of the Polish Academy of Sciences was awarded the prestigious &#8220;HR Excellence in Research&#8221; award for the implementation of the provisions of the European Charter for Researchers and the Code of Conduct for the Recruitment of Researchers.<\/strong><\/p>\n<p>2019-2020: Implementation of the initial Action Plan<\/p>\n<p>06-10 \/ 2020: Analysis of the progress of implementation of the Action Plan<\/p>\n<p>11\/2020: A questionnaire sent to all academic staff.<\/p>\n<p>12\/2020: Meetings of the Steering Committee with academic staff (R1-R2 and R3-R4) of the Institute to discuss proposed actions<\/p>\n<p>12\/2020: The HR Working Group prepared a report based on the gap analysis and results of the survey with the Action Plan 2021-2023 included<\/p>\n<p>01\/2021: The report was sent to the European Commission<\/p>\n<p><strong>04\/2021: The European Commission has decided to maintain and extend the right to use the HR Excellence in Research award for the Institute of Human Genetics of the Polish Academy of Sciences for the next three years (2021 &#8211; 2023)<\/strong><\/p>\n<p>06\/2023: Update of the HR Working Group<\/p>\n<ol>\n<li><strong>Ewa Zi\u0119tkiewicz, prof. (F; R4) &#8211; head of the HR Working Group<\/strong><\/li>\n<li>Andrzej P\u0142awski, prof. (M; R4)<\/li>\n<li>Maciej Giefing, prof. (M; R4)<\/li>\n<li>Ma\u0142gorzata Dawidowska, assoc. prof.(F; R3)<\/li>\n<li>Monika Fr\u0105czek, assoc. prof.(F; R3)<\/li>\n<li>Tomasz Kolanowski, assoc. prof. (M; R3)<\/li>\n<li>Anna Stachowiak \u2013 Szrejbrowska, dr (F, R2)<\/li>\n<li>Agnieszka Malcher, dr (F; R2)<\/li>\n<li>Adam Ustaszewski, MSc (M; R1)<\/li>\n<li>Marta Kasprzyk, MSc (F; R1)<\/li>\n<li>Alicja Radajewska, MSc (F)<\/li>\n<li>Piotr Dobry, MSc (M)<\/li>\n<li>Marta Anders, MSc (F)<\/li>\n<li>Magdalena Beyer, MSc (F)<\/li>\n<\/ol>\n<p><b>07.12.2023<br \/><\/b><\/p>\n<p>Updated list of members of the Working Group for Logo HR (HSR4R programme), after its last change approved by the group&#8217;s chairperson, prof. Ewa Zi\u0119tkiewicz.<\/p>\n<p>The current membership of the group has been announced in Order No. 35_2023 of the Director of the IHG PAS, prof. M. Witt. It has been sent by email to all institute&#8217;s employees, also posted on the intranet.<\/p>\n<p>Steering Committee:<\/p>\n<ol>\n<li>Prof.\u00a0Micha\u0142 Witt, PhD, MD (M; R4) \u2013 Director<\/li>\n<li>Ma\u0142gorzata Strecker, MA (F) \u2013 Deputy Director for Administration<\/li>\n<\/ol>\n<p>Working Group for HSR4R programme (Logo HR)- updated membership:<\/p>\n<ol>\n<li><strong>Ewa Zi\u0119tkiewicz, prof. PhD (F; R4)- chairperson<\/strong><\/li>\n<li>Andrzej P\u0142awski, prof. PhD (M; R4)<\/li>\n<li>Maciej Giefing, prof. PhD (M; R4)<\/li>\n<li>Monika Fr\u0105czek, PhD, assoc. prof (F; R3)<\/li>\n<li>Tomasz Kolanowski, PhD (habilitated) (M; R3)<\/li>\n<li>Oliwia Zakreska-Banaszak, PhD (F, R2)<\/li>\n<li>Anna Stachowiak \u2013 Szrejbrowska, PhD (F, R2)<\/li>\n<li>Agnieszka Malcher, PhD (F; R2)<\/li>\n<li>Adam Ustaszewski, MSc (M; R1)<\/li>\n<li>Natalia Ma\u0107kowska-Ma\u015blak, MSc (F; R1)<\/li>\n<li>Piotr Dobry, MA (M)<\/li>\n<li>Marta Anders, MA (F)<\/li>\n<li>Wojciech Cie\u015bli\u0144ski, MA (M)<\/li>\n<\/ol>\n<p>09\/2025: Updated list of members of the Working Group for Logo HR (HSR4R programme).<\/p>\n<p>The current membership of the group has been announced in Order No. 31\/2025 of the Director of the IHG PAS and has been sent by email to all institute&#8217;s employees, also posted on the intranet.<\/p>\n<p>Steering Committee:<\/p>\n<ol>\n<li>Maciej Giefing, prof. dr. hab. (M; R4) \u2013 Director<\/li>\n<li>Ma\u0142gorzata Dawidowska, dr hab. prof IGC PAN (F; R3) \u2013 Deputy Director for Research<\/li>\n<li>Alicja Radajewska, mgr (F) \u2013 Deputy Director for Administration<\/li>\n<\/ol>\n<p>Working Group for HSR4R programme (Logo HR)- updated membership:<\/p>\n<ol>\n<li>prof. dr hab. Ewa Zi\u0119tkiewicz &#8211; <strong>Chairperson of the Working Group<\/strong> &#8211; Representative of the Department of Molecular and Clinical Genetics (R4),<\/li>\n<li>prof. dr hab. Andrzej P\u0142awski &#8211; Member, Representative of the Innovative Medical Center (R4),<\/li>\n<li>prof. dr hab. Marzena Gaj\u0119cka &#8211; Member, Representative of the Department of Cancer Genetics (R4),<\/li>\n<li>dr hab. Monika Fr\u0105czek, prof. IGC PAN &#8211; Professor at the Institute \u2013 Member, Representative of the Department of Reproductive Biology and Stem Cells (R3),<\/li>\n<li>dr hab. Tomasz Kolanowski, prof. IGC PAN &#8211; Professor at the Institute \u2013 Member, Representative of the Department of Molecular Pathology (R3),<\/li>\n<li>dr Oliwia Zakerska-Banaszak &#8211; Member, Representative of the Department of Nucleic Acid Functions (R2),<\/li>\n<li>dr Agnieszka Malcher &#8211; Member, Representative of the Council of Early Career Researchers (R2),<\/li>\n<li>dr Anna Stachowiak-Szrejbrowska &#8211; Member,<\/li>\n<li>mgr Adam Ustaszewski &#8211; Member, Representative of the Department of Cancer Genetics (R1),<\/li>\n<li>mgr Natalia Ma\u0107kowska &#8211; Ma\u015blak &#8211; Member, Representative of Doctoral Candidates (R1),<\/li>\n<li>mgr Anna Ka\u017amierczak &#8211; Member, Research Coordinator,<\/li>\n<li>mgr Agnieszka Konieczka &#8211; Member, Administration,<\/li>\n<li>mgr Katarzyna Surdyk &#8211; Member, Human Resources, Administration.<\/li>\n<\/ol>\n\n","protected":false},"excerpt":{"rendered":"<p>Calendar: 07\/2017: prof. Micha\u0142 Witt, Director of the IHG PAS appointed the HR Working Group prof. Ewa Zietkiewicz (F; R4) &#8211; head of the HR Working Group assoc. prof. Monika Fr\u0105czek \u00a0\u00a0(F; R3) assoc. prof. Maciej Giefing \u00a0(M; R3) assoc. prof. Andrzej P\u0142awski \u00a0(M; R4) prof. Grzegorz Przybylski\u00a0\u00a0(M; R4) Ma\u0142gorzata Dawidowska, PhD (F; R2) Ewelina [&hellip;]<\/p>\n","protected":false},"author":103,"featured_media":0,"parent":9806,"menu_order":0,"comment_status":"closed","ping_status":"closed","template":"","meta":{"_acf_changed":false,"footnotes":""},"class_list":["post-10971","page","type-page","status-publish","hentry"],"acf":[],"yoast_head":"<!-- This site is optimized with the Yoast SEO plugin v27.4 - https:\/\/yoast.com\/product\/yoast-seo-wordpress\/ -->\n<title>Implementation - Institute of Human Genetics Polish Academy of Sciences<\/title>\n<meta name=\"robots\" content=\"index, follow, max-snippet:-1, max-image-preview:large, max-video-preview:-1\" \/>\n<link rel=\"canonical\" href=\"https:\/\/igcz.poznan.pl\/en\/hrs4r\/implementation\/\" \/>\n<meta property=\"og:locale\" content=\"en_US\" \/>\n<meta property=\"og:type\" content=\"article\" \/>\n<meta property=\"og:title\" content=\"Implementation - Institute of Human Genetics Polish Academy of Sciences\" \/>\n<meta property=\"og:description\" content=\"Calendar: 07\/2017: prof. Micha\u0142 Witt, Director of the IHG PAS appointed the HR Working Group prof. Ewa Zietkiewicz (F; R4) &#8211; head of the HR Working Group assoc. prof. Monika Fr\u0105czek \u00a0\u00a0(F; R3) assoc. prof. Maciej Giefing \u00a0(M; R3) assoc. prof. Andrzej P\u0142awski \u00a0(M; R4) prof. Grzegorz Przybylski\u00a0\u00a0(M; R4) Ma\u0142gorzata Dawidowska, PhD (F; R2) Ewelina [&hellip;]\" \/>\n<meta property=\"og:url\" content=\"https:\/\/igcz.poznan.pl\/en\/hrs4r\/implementation\/\" \/>\n<meta property=\"og:site_name\" content=\"Institute of Human Genetics Polish Academy of Sciences\" \/>\n<meta property=\"article:modified_time\" content=\"2025-10-31T09:16:38+00:00\" \/>\n<meta name=\"twitter:label1\" content=\"Est. reading time\" \/>\n\t<meta name=\"twitter:data1\" content=\"6 minutes\" \/>\n<script type=\"application\/ld+json\" class=\"yoast-schema-graph\">{\"@context\":\"https:\\\/\\\/schema.org\",\"@graph\":[{\"@type\":\"WebPage\",\"@id\":\"https:\\\/\\\/igcz.poznan.pl\\\/en\\\/hrs4r\\\/implementation\\\/\",\"url\":\"https:\\\/\\\/igcz.poznan.pl\\\/en\\\/hrs4r\\\/implementation\\\/\",\"name\":\"Implementation - Institute of Human Genetics Polish Academy of Sciences\",\"isPartOf\":{\"@id\":\"https:\\\/\\\/igcz.poznan.pl\\\/#website\"},\"datePublished\":\"2018-10-01T13:31:38+00:00\",\"dateModified\":\"2025-10-31T09:16:38+00:00\",\"breadcrumb\":{\"@id\":\"https:\\\/\\\/igcz.poznan.pl\\\/en\\\/hrs4r\\\/implementation\\\/#breadcrumb\"},\"inLanguage\":\"en-US\",\"potentialAction\":[{\"@type\":\"ReadAction\",\"target\":[\"https:\\\/\\\/igcz.poznan.pl\\\/en\\\/hrs4r\\\/implementation\\\/\"]}]},{\"@type\":\"BreadcrumbList\",\"@id\":\"https:\\\/\\\/igcz.poznan.pl\\\/en\\\/hrs4r\\\/implementation\\\/#breadcrumb\",\"itemListElement\":[{\"@type\":\"ListItem\",\"position\":1,\"name\":\"Home\",\"item\":\"https:\\\/\\\/igcz.poznan.pl\\\/en\\\/\"},{\"@type\":\"ListItem\",\"position\":2,\"name\":\"HSR4R\",\"item\":\"https:\\\/\\\/igcz.poznan.pl\\\/en\\\/hrs4r\\\/\"},{\"@type\":\"ListItem\",\"position\":3,\"name\":\"Implementation\"}]},{\"@type\":\"WebSite\",\"@id\":\"https:\\\/\\\/igcz.poznan.pl\\\/#website\",\"url\":\"https:\\\/\\\/igcz.poznan.pl\\\/\",\"name\":\"Institute of Human Genetics Polish Academy of Sciences\",\"description\":\"\",\"potentialAction\":[{\"@type\":\"SearchAction\",\"target\":{\"@type\":\"EntryPoint\",\"urlTemplate\":\"https:\\\/\\\/igcz.poznan.pl\\\/?s={search_term_string}\"},\"query-input\":{\"@type\":\"PropertyValueSpecification\",\"valueRequired\":true,\"valueName\":\"search_term_string\"}}],\"inLanguage\":\"en-US\"}]}<\/script>\n<!-- \/ Yoast SEO plugin. -->","yoast_head_json":{"title":"Implementation - Institute of Human Genetics Polish Academy of Sciences","robots":{"index":"index","follow":"follow","max-snippet":"max-snippet:-1","max-image-preview":"max-image-preview:large","max-video-preview":"max-video-preview:-1"},"canonical":"https:\/\/igcz.poznan.pl\/en\/hrs4r\/implementation\/","og_locale":"en_US","og_type":"article","og_title":"Implementation - Institute of Human Genetics Polish Academy of Sciences","og_description":"Calendar: 07\/2017: prof. Micha\u0142 Witt, Director of the IHG PAS appointed the HR Working Group prof. Ewa Zietkiewicz (F; R4) &#8211; head of the HR Working Group assoc. prof. Monika Fr\u0105czek \u00a0\u00a0(F; R3) assoc. prof. Maciej Giefing \u00a0(M; R3) assoc. prof. Andrzej P\u0142awski \u00a0(M; R4) prof. Grzegorz Przybylski\u00a0\u00a0(M; R4) Ma\u0142gorzata Dawidowska, PhD (F; R2) Ewelina [&hellip;]","og_url":"https:\/\/igcz.poznan.pl\/en\/hrs4r\/implementation\/","og_site_name":"Institute of Human Genetics Polish Academy of Sciences","article_modified_time":"2025-10-31T09:16:38+00:00","twitter_misc":{"Est. reading time":"6 minutes"},"schema":{"@context":"https:\/\/schema.org","@graph":[{"@type":"WebPage","@id":"https:\/\/igcz.poznan.pl\/en\/hrs4r\/implementation\/","url":"https:\/\/igcz.poznan.pl\/en\/hrs4r\/implementation\/","name":"Implementation - Institute of Human Genetics Polish Academy of Sciences","isPartOf":{"@id":"https:\/\/igcz.poznan.pl\/#website"},"datePublished":"2018-10-01T13:31:38+00:00","dateModified":"2025-10-31T09:16:38+00:00","breadcrumb":{"@id":"https:\/\/igcz.poznan.pl\/en\/hrs4r\/implementation\/#breadcrumb"},"inLanguage":"en-US","potentialAction":[{"@type":"ReadAction","target":["https:\/\/igcz.poznan.pl\/en\/hrs4r\/implementation\/"]}]},{"@type":"BreadcrumbList","@id":"https:\/\/igcz.poznan.pl\/en\/hrs4r\/implementation\/#breadcrumb","itemListElement":[{"@type":"ListItem","position":1,"name":"Home","item":"https:\/\/igcz.poznan.pl\/en\/"},{"@type":"ListItem","position":2,"name":"HSR4R","item":"https:\/\/igcz.poznan.pl\/en\/hrs4r\/"},{"@type":"ListItem","position":3,"name":"Implementation"}]},{"@type":"WebSite","@id":"https:\/\/igcz.poznan.pl\/#website","url":"https:\/\/igcz.poznan.pl\/","name":"Institute of Human Genetics Polish Academy of Sciences","description":"","potentialAction":[{"@type":"SearchAction","target":{"@type":"EntryPoint","urlTemplate":"https:\/\/igcz.poznan.pl\/?s={search_term_string}"},"query-input":{"@type":"PropertyValueSpecification","valueRequired":true,"valueName":"search_term_string"}}],"inLanguage":"en-US"}]}},"_links":{"self":[{"href":"https:\/\/igcz.poznan.pl\/en\/wp-json\/wp\/v2\/pages\/10971","targetHints":{"allow":["GET"]}}],"collection":[{"href":"https:\/\/igcz.poznan.pl\/en\/wp-json\/wp\/v2\/pages"}],"about":[{"href":"https:\/\/igcz.poznan.pl\/en\/wp-json\/wp\/v2\/types\/page"}],"author":[{"embeddable":true,"href":"https:\/\/igcz.poznan.pl\/en\/wp-json\/wp\/v2\/users\/103"}],"replies":[{"embeddable":true,"href":"https:\/\/igcz.poznan.pl\/en\/wp-json\/wp\/v2\/comments?post=10971"}],"version-history":[{"count":15,"href":"https:\/\/igcz.poznan.pl\/en\/wp-json\/wp\/v2\/pages\/10971\/revisions"}],"predecessor-version":[{"id":26234,"href":"https:\/\/igcz.poznan.pl\/en\/wp-json\/wp\/v2\/pages\/10971\/revisions\/26234"}],"up":[{"embeddable":true,"href":"https:\/\/igcz.poznan.pl\/en\/wp-json\/wp\/v2\/pages\/9806"}],"wp:attachment":[{"href":"https:\/\/igcz.poznan.pl\/en\/wp-json\/wp\/v2\/media?parent=10971"}],"curies":[{"name":"wp","href":"https:\/\/api.w.org\/{rel}","templated":true}]}}