{"id":11991,"date":"2019-03-21T13:31:17","date_gmt":"2019-03-21T13:31:17","guid":{"rendered":"http:\/\/igcz.poznan.pl\/?page_id=11991\/"},"modified":"2025-09-02T08:23:46","modified_gmt":"2025-09-02T08:23:46","slug":"ects-catalogue","status":"publish","type":"page","link":"https:\/\/igcz.poznan.pl\/en\/phd-studies\/ects-catalogue\/","title":{"rendered":"ECTS Catalogue"},"content":{"rendered":"<ol>\n<li><a href=\"#ec1\">General Information on the institution<\/a><\/li>\n<li><a href=\"https:\/\/igcz.poznan.pl\/wp-content\/uploads\/2025\/09\/PLAN-wykladow_-Molecular-basis-of-tumors-semestr-zimowy-2025_26.docx\">Timetable &#8220;Molecular basis of tumors&#8221; &#8211; winter semester 2025\/26<\/a><\/li>\n<li><a href=\"#ec3\">Language courses <\/a><\/li>\n<li><a href=\"#ec4\">Academic calendar<\/a><\/li>\n<li><a href=\"#ec5\">Grading system<\/a><\/li>\n<li><a href=\"#ec6\">Accommodation<\/a><\/li>\n<li><a href=\"#ec7\">Health care<\/a><\/li>\n<li><a href=\"#ec8\">Residence \/ visa<\/a><\/li>\n<li><a href=\"#ec9\">Student Guide<\/a><\/li>\n<\/ol>\n<hr \/>\n<p><span style=\"color: #008000;\"><strong><a id=\"ec1\" style=\"color: #008000;\"><\/a>General Information on the institution<\/strong><\/span><\/p>\n<p style=\"text-align: justify;\">The Institute of Human Genetics, Polish Academy of Sciences, has a long-standing history. It was founded in 1974 as the Department of Human Genetics of the Polish Academy of Sciences (DHG PAS). On April 1, 2003 \u00a0became the Institute of Human Genetics, PAS.<\/p>\n<p style=\"text-align: justify;\">The Institute employs 83 people, including 39 scientists, 19 PhD students, and 28 specialists and technicians.<a href=\"http:\/\/igcz.poznan.pl\/wp-content\/uploads\/2019\/03\/struktura.jpg\"><img loading=\"lazy\" decoding=\"async\" class=\"size-medium wp-image-12052 alignright\" src=\"http:\/\/igcz.poznan.pl\/wp-content\/uploads\/2019\/03\/struktura-300x277.jpg\" alt=\"\" width=\"300\" height=\"277\" srcset=\"https:\/\/igcz.poznan.pl\/wp-content\/uploads\/2019\/03\/struktura-300x277.jpg 300w, https:\/\/igcz.poznan.pl\/wp-content\/uploads\/2019\/03\/struktura.jpg 717w\" sizes=\"auto, (max-width: 300px) 100vw, 300px\" \/><\/a><\/p>\n<p style=\"text-align: justify;\">IHG PAS has the right to confer doctoral degrees (since 2002) and habilitations (since 2010) in the field of medical sciences in the discipline of medical biology. Since 2019, the Institute offers doctoral education in Pozna\u0144 Doctoral School of the Institute of Polish Academy of Sciences.<\/p>\n<p style=\"text-align: justify;\">The Institute comprises five departments and one independent research group. The departments are rigid structures and determine the direction of research of specific research teams, while independent research groups are created for a limited period of time for the implementation of specific research projects. The main research areas of the Institute are cytogenetics, molecular genetics, cellular pathology, reproductive biology, mutagenesis and biotechnology. The work carried out at the Institute aims to elucidate the molecular basis of various disorders with particular emphasis on rare genetic diseases, cancer, stem cell biology and application, fertility disorders, common autoimmune and infectious diseases. To understand the basic mechanisms of these disorders and disease susceptibility, modern molecular biology technologies, along with cytogenetic and immunological techniques, are applied in our studies.<\/p>\n<p>More information<a href=\"http:\/\/igcz.poznan.pl\/en\/\">&gt;&gt;&gt;&gt;<\/a><\/p>\n<p><a href=\"http:\/\/igcz.poznan.pl\/en\/institute\/gallery\/\">Gallery<\/a><\/p>\n<p><span style=\"color: #008000;\"><strong><a href=\"https:\/\/igcz.poznan.pl\/wp-content\/uploads\/2025\/09\/PLAN-wykladow_-Molecular-basis-of-tumors-semestr-zimowy-2025_26.docx\">Timetable &#8220;Molecular basis of tumors&#8221; &#8211; winter semester 2025\/26<\/a>\u00a0<\/strong><\/span><\/p>\n<p style=\"text-align: justify;\"><strong><a id=\"ec3\"><\/a><span style=\"color: #008000;\">Language courses<\/span> <\/strong><\/p>\n<p style=\"text-align: justify;\">Since PhD studies, seminars and all lectures and scientific publications are conducted in English, both students and staff are required to\u00a0present a high level of\u00a0 linguistic proficiency. In order to continuously improve language skills the \u00a0IHG PAS offers for PhD students\u00a0 and staff English language course. The course takes place during the all academic year, once a week (2 hours),\u00a0 on different levels and is free of charge. All students and staff (academic and non-academic) \u00a0willing to take part in mobility can participate in it and improve their language skills before and during the mobility. The course is also open for international students.<\/p>\n<p style=\"text-align: justify;\">Foreigners willing learn\u00a0Polish, can take part in a Polish language course for foreigner conducted by Adam Mickiewicz University (partner institution of IHG PAS). The offer contains a variety of courses: two hour-, four hour-, six hour-, ten hour-, semestral and one year-long, being taught at six major levels of language proficiency. The university also organises a one-year, intensive, preparatory course for foreigners who wish to study in Poland. The programmatic offering is tailored to meet all needs of students. Information on the course available <a href=\"http:\/\/schoolpl.amu.edu.pl\/go.php\/en.html\">here<\/a>.<\/p>\n<p><strong><a id=\"ec4\"><\/a><span style=\"color: #008000;\">Academic calendar<\/span><\/strong><\/p>\n<table style=\"width: 452.4px; border-color: #330bb5;\">\n<tbody>\n<tr>\n<td style=\"width: 157.6px;\">Winter semester<\/td>\n<td style=\"width: 293.6px;\">1 October\u00a0 &#8211; 28 February<\/td>\n<\/tr>\n<tr>\n<td style=\"width: 157.6px;\">Summer semester<\/td>\n<td style=\"width: 293.6px;\">1 March\u00a0 &#8211; 30 September<\/td>\n<\/tr>\n<\/tbody>\n<\/table>\n<p><strong><a id=\"ec5\"><\/a><span style=\"color: #008000;\">Grading system<\/span><\/strong><\/p>\n<table style=\"width: 650px; border-color: #000000;\">\n<tbody>\n<tr style=\"height: 55px;\">\n<td style=\"width: 76px; height: 55px;\"><strong>Local grade\u00a0<\/strong><\/td>\n<td style=\"width: 196px; height: 55px;\"><strong>Local definition\u00a0<\/strong><\/td>\n<td style=\"width: 75px; height: 55px;\"><strong>ECTS\u00a0<\/strong><\/td>\n<td style=\"width: 301px; height: 55px;\"><strong>ECTS definition<\/strong><\/td>\n<\/tr>\n<tr style=\"height: 34.4px;\">\n<td style=\"width: 76px; height: 34.4px; text-align: center;\"><strong>5<\/strong><\/td>\n<td style=\"width: 196px; height: 34.4px;\">very good<\/td>\n<td style=\"width: 75px; height: 34.4px; text-align: center;\"><strong>A<\/strong><\/td>\n<td style=\"width: 301px; height: 34.4px;\">EXCELLENT &#8211; Outstanding performance<\/td>\n<\/tr>\n<tr style=\"height: 32px;\">\n<td style=\"width: 76px; height: 32px; text-align: center;\"><strong>4+<\/strong><\/td>\n<td style=\"width: 196px; height: 32px;\">better than good<\/td>\n<td style=\"width: 75px; height: 32px; text-align: center;\"><strong>B<\/strong><\/td>\n<td style=\"width: 301px; height: 32px;\">VERY GOOD &#8211; Above the average standard but with some errors<\/td>\n<\/tr>\n<tr style=\"height: 32px;\">\n<td style=\"width: 76px; height: 32px; text-align: center;\"><strong>4<\/strong><\/td>\n<td style=\"width: 196px; height: 32px;\">good<\/td>\n<td style=\"width: 75px; height: 32px; text-align: center;\"><strong>C<\/strong><\/td>\n<td style=\"width: 301px; height: 32px;\">GOOD &#8211; generally sound work with a number of notable errors<\/td>\n<\/tr>\n<tr style=\"height: 32px;\">\n<td style=\"width: 76px; height: 32px; text-align: center;\"><strong>3+<\/strong><\/td>\n<td style=\"width: 196px; height: 32px;\">better than satisfactory<\/td>\n<td style=\"width: 75px; height: 32px; text-align: center;\"><strong>D<\/strong><\/td>\n<td style=\"width: 301px; height: 32px;\">SATISFACTORY &#8211; fair but with significant shortcomings<\/td>\n<\/tr>\n<tr style=\"height: 32px;\">\n<td style=\"width: 76px; height: 32px; text-align: center;\"><strong>3<\/strong><\/td>\n<td style=\"width: 196px; height: 32px;\">satisfactory<\/td>\n<td style=\"width: 75px; height: 32px; text-align: center;\"><strong>E<\/strong><\/td>\n<td style=\"width: 301px; height: 32px;\">SUFFICIENT &#8211; performance meets the minimum criteria<\/td>\n<\/tr>\n<tr style=\"height: 32px;\">\n<td style=\"width: 76px; height: 32px; text-align: center;\"><strong>2<\/strong><\/td>\n<td style=\"width: 196px; height: 32px;\">unsatisfactory (fail)<\/td>\n<td style=\"width: 75px; height: 32px; text-align: center;\"><strong>F\/FX<\/strong><\/td>\n<td style=\"width: 301px; height: 32px;\">FAIL &#8211; some more work required before the credit can be awarded<\/td>\n<\/tr>\n<\/tbody>\n<\/table>\n<p><span style=\"color: #008000;\"><strong><a id=\"ec6\" style=\"color: #008000;\"><\/a>Accommodation<\/strong><\/span><\/p>\n<p style=\"text-align: justify;\">The Institute&#8217;s resources include a guest room that can be used by incoming students and staff. If you want to book an accomodation in our guest room, please contact us as soon as possible.<br \/>\nRooms for rent, situated in the city centre, are also available at other institutes of Polish Academy of Sciences in Pozna\u0144. <a href=\"https:\/\/www.ibch.poznan.pl\/guest-rooms\/\">Click here<\/a> to check the offer.<\/p>\n<p style=\"text-align: justify;\">Foreign students can also rent a room or a studio in one of several private dormitories in the city:<br \/>\n<a href=\"https:\/\/studentdepot.pl\/en\/dormitory-polonez-poznan\">Student Depot Polonez<\/a><br \/>\n<a href=\"http:\/\/www.sofaroom4you.pl\/pl\/sofa-strzelecka.html\">SofaRoom4You\u00a0<\/a><br \/>\n<a href=\"http:\/\/www.leoakademik.pl\/o-akademiku\/\">Leo\u00a0<\/a><\/p>\n<p style=\"text-align: justify;\">There is also many\u00a0websites, where you can find some private offers:<\/p>\n<p style=\"text-align: justify;\"><a href=\"https:\/\/housinganywhere.com\/\">HousingAnywhere<\/a><br \/>\n<a href=\"https:\/\/erasmusu.com\/en\/erasmus-poznan\/student-flat-rent\">Erasmusu.com<\/a><br \/>\n<a href=\"https:\/\/poland.gabinohome.com\/en\/rent+room\/poznan\">Gabinohome<\/a><br \/>\n<a href=\"https:\/\/realestate24.com.pl\/en\/offer\">RealEstate24<\/a><br \/>\n<a href=\"https:\/\/mostowa4a.wixsite.com\/mostowa4a\">Mostowa4a<\/a><\/p>\n<p><strong><a id=\"ec7\"><\/a><span style=\"color: #008000;\">Health care<\/span><\/strong><\/p>\n<p style=\"text-align: justify;\">Healthcare in Poland is available for students from the EU\/EEA countries, provided that they hold valid medical insurance in the national insurance system of their country. A valid passport, student Identity Card or doctoral student Identity Card and a valid European Health Insurance Card (Europejska Karta Ubezpieczenia Zdrowotnego) entitles its holder to medical care services free of charge in Poland.<\/p>\n<p style=\"text-align: justify;\">If possible it is recommended that students from non-EU\/EEA countries purchase their own international medical insurance prior to their arrival in Poland. Otherwise they are required to sign a voluntary health insurance agreement with the National Health Fund (Narodowy Fundusz Zdrowia \u2013 NFZ) and pay their own insurance fees. Under this insurance scheme, students are entitled to free medical care and can use university health care clinics and health centres. Also, all foreign students have the option of purchasing additional accident insurance. For detailed information visit the website of the National Health Fund: www.nfz.gov.pl<\/p>\n<p style=\"text-align: justify;\">There are public health care centres and hospitals located throughout the country. At health centres, an appointment is usually required. There may be charges associated with visits to a health care centre.<br \/>\nYou are strongly advised to insure valuable belongings against theft, loss or damage.<\/p>\n<p style=\"text-align: justify;\">For the visit in a private medical center, you should take your passport with you. The cost is around 25\/30 euro for a visit.<\/p>\n<p style=\"text-align: justify;\"><a id=\"ec8\"><\/a><span style=\"color: #008000;\"><strong>Residence \/ visa<\/strong><\/span><\/p>\n<ul>\n<li>Registration<br \/>\nAll foreigners are required to register their temporary stay within 30 days from their arrival date. The registration is free of charge. You will need to bring with you your rental contract with you (or come with the person who rents or owns the flat or the house).<br \/>\nYou should register at:<br \/>\nThe Office for Citizens Affairs of the City Hall (Wydzia\u0142 Spraw Obywatelskich, Urz\u0105d Miasta)<br \/>\naddress: ul. Libelta 16\/20<br \/>\nOffice is open:<br \/>\nMonday, Thursday\u00a0\u00a0\u00a0\u00a0\u00a0\u00a0\u00a0\u00a0\u00a0\u00a0\u00a0\u00a0\u00a0\u00a0\u00a0\u00a0\u00a0\u00a0\u00a0\u00a0\u00a0\u00a0 8.00 \u2013 17.00<br \/>\nTuesday, Wednesday, Friday\u00a0\u00a0\u00a0\u00a0\u00a0\u00a0\u00a0 7.30 \u2013 15.30<\/li>\n<li>EU citizen registration of residenceStudents from EU-countries do not need a visa to study in Poland. If the student\u2019s stay in Poland is longer than three months then they are required to apply for an EU citizen registration. Students who wish to do an internship in Poland or enter other kind ofAll foreigners are required to register within 30 days from their arrival date. The registration is free of charge. You can get an application form from the hall of residence with the confirmation that you are staying there. If you are not staying at University&#8217;s accommodation you will need to bring with you your rental contract with you (or come with the person who rents or owns the flat or the house). EU citizens also need to have EU citizen registration of residence.<\/li>\n<li style=\"text-align: justify;\">Visa and residence permit (for non-EU citizens)<br \/>\nNon-EU students coming to Poland are required to obtain a visa in their home country from a Polish embassy or a consulate. The visa should be issued for the whole period of your stay. It is not possible to extend the visa in Poland. For more information about obtaining the visa contact the Polish diplomatic and consular establishment in your country.http:\/\/www.msz.gov.pl\/en\/travel_to_poland\/polands_missions_abroad\/polish...If your visa expires before the end of your stay in Poland you should apply for a temporary residence permit (zezwolenie na pobyt tymczasowy). It is mandatory to do it at least 45 days\u00a0 before your visa expires at:Department for Foreigners of the Voivodship Office:<br \/>\nUrz\u0105d Wojew\u00f3dzki &#8211; Oddzia\u0142 ds. Cudzoziemc\u00f3w<br \/>\naddress: Plac Wolno\u015bci 17, 4th floor, room 8<br \/>\nMonday\u00a0\u00a0\u00a0 9.30 \u2013 18.00<br \/>\nTuesday- Friday\u00a0\u00a0\u00a0 8.15 \u2013 15.15You should also have your passport with you. There is also a fee for the permit 50 PLN which you will have to pay upon receiving it.All necessary information\u00a0 and forms are available <a href=\"http:\/\/www.poznan.uw.gov.pl\/en\">http:\/\/www.poznan.uw.gov.pl\/en<\/a><\/li>\n<\/ul>\n<p style=\"padding-left: 30px;\">The IHG PAS offers support in all necessary procedures.<\/p>\n<p><span style=\"color: #008000;\"><strong><a id=\"ec9\"><\/a>Student Guide<\/strong><\/span><\/p>\n<p>Pozna\u0144 is one of the largest and oldest Polish cities, located in western Poland, at the Warta and Cybina rivers. The Slavs settled here already in the 5th century, in the 8th century Pozna\u0144 became the most important center of the Polan State. Pozna\u0144 obtained city rights in 1253.\u00a0Nowadays is the capital of the Greater Poland (Wielkopolska) voivodship, the seat of the authorities of the voivodship and the poviat of Pozna\u0144. It has over 550,000 inhabitants and belongs to the most important academic, scientific and cultural centers of Poland. As one of the oldest Polish cities, it is an attractive destination for visitors.<\/p>\n<p><a href=\"http:\/\/www.poznan.pl\/mim\/studia\/en\/-,p,23177,23178,23269.html\">Cost of living\u00a0<\/a><br \/>\n<a href=\"http:\/\/www.poznan.pl\/mim\/studia\/en\/poznan-within-the-reach,p,23177,23178,23187.html\">Communication<\/a>\u00a0 and <a href=\"https:\/\/www.ztm.poznan.pl\/en\/komunikacja\/\">public transportation\u00a0<\/a><br \/>\n<a href=\"http:\/\/www.poznan.pl\/mim\/studia\/en\/sports-and-recreation,p,23177,23178,23195.html\">Sports and recreation\u00a0<\/a><br \/>\n<a href=\"http:\/\/www.poznan.pl\/mim\/studia\/en\/students-city,p,23177,23178,23188.html\">Student life<\/a><br \/>\n<a href=\"http:\/\/www.poznan.pl\/mim\/turystyka\/en\/\">Discover Pozna\u0144<\/a><\/p>\n<p>Wielkopolska, called from the Latin Maior Polonia, or the Great Poland, is an interesting and valuable region of Poland. It is located in the central-western part of Poland, in the Warta river valley, with its capital, Pozna\u0144, centrally localized within the region. In Wielkopolska the beginnings of Polish statehood were born. This is reminded by the Piast Trail &#8211; tourist trail leading through places associated with first Polish kings and lords.<br \/>\nWielkopolska is also a land of lakes &#8211; numerous picturesque reservoirs of the Wielkopolska Lake District are spread here, making the region extremely interesting for nature lovers. Multiple nature reserve areas, water trails along several rivers or bike trails across the region make the visit in Wielkopolska a really enjoyable experience. However, tourists will also be enchanted by numerous monuments, such as small castles, palaces, old manors, historical cathedrals and wooden churches, as well as monuments of industry, such as steam train museums, historic train stations or narrow-gauge railway routes. That is why Wielkopolska is often visited by tourists from Poland and abroad.<\/p>\n<p style=\"padding-left: 30px;\"><a href=\"https:\/\/regionwielkopolska.pl\/en\/\">Discover Wielkopolska<\/a><\/p>\n","protected":false},"excerpt":{"rendered":"<p>General Information on the institution Timetable &#8220;Molecular basis of tumors&#8221; &#8211; winter semester 2025\/26 Language courses Academic calendar Grading system Accommodation Health care Residence \/ visa Student Guide General Information on the institution The Institute of Human Genetics, Polish Academy of Sciences, has a long-standing history. It was founded in 1974 as the Department of [&hellip;]<\/p>\n","protected":false},"author":103,"featured_media":0,"parent":11934,"menu_order":0,"comment_status":"closed","ping_status":"closed","template":"","meta":{"_acf_changed":false,"footnotes":""},"class_list":["post-11991","page","type-page","status-publish","hentry"],"acf":[],"yoast_head":"<!-- This site is optimized with the Yoast SEO plugin v27.3 - https:\/\/yoast.com\/product\/yoast-seo-wordpress\/ -->\n<title>ECTS Catalogue - Institute of Human Genetics Polish Academy of Sciences<\/title>\n<meta name=\"robots\" content=\"index, follow, max-snippet:-1, max-image-preview:large, max-video-preview:-1\" \/>\n<link rel=\"canonical\" href=\"https:\/\/igcz.poznan.pl\/en\/phd-studies\/ects-catalogue\/\" \/>\n<meta property=\"og:locale\" content=\"en_US\" \/>\n<meta property=\"og:type\" content=\"article\" \/>\n<meta property=\"og:title\" content=\"ECTS Catalogue - Institute of Human Genetics Polish Academy of Sciences\" \/>\n<meta property=\"og:description\" content=\"General Information on the institution Timetable &#8220;Molecular basis of tumors&#8221; &#8211; winter semester 2025\/26 Language courses Academic calendar Grading system Accommodation Health care Residence \/ visa Student Guide General Information on the institution The Institute of Human Genetics, Polish Academy of Sciences, has a long-standing history. It was founded in 1974 as the Department of [&hellip;]\" \/>\n<meta property=\"og:url\" content=\"https:\/\/igcz.poznan.pl\/en\/phd-studies\/ects-catalogue\/\" \/>\n<meta property=\"og:site_name\" content=\"Institute of Human Genetics Polish Academy of Sciences\" \/>\n<meta property=\"article:modified_time\" content=\"2025-09-02T08:23:46+00:00\" \/>\n<meta property=\"og:image\" content=\"https:\/\/igcz.poznan.pl\/wp-content\/uploads\/2019\/03\/struktura.jpg\" \/>\n\t<meta property=\"og:image:width\" content=\"717\" \/>\n\t<meta property=\"og:image:height\" content=\"663\" \/>\n\t<meta property=\"og:image:type\" content=\"image\/jpeg\" \/>\n<meta name=\"twitter:label1\" content=\"Est. reading time\" \/>\n\t<meta name=\"twitter:data1\" content=\"10 minutes\" \/>\n<script type=\"application\/ld+json\" class=\"yoast-schema-graph\">{\"@context\":\"https:\\\/\\\/schema.org\",\"@graph\":[{\"@type\":\"WebPage\",\"@id\":\"https:\\\/\\\/igcz.poznan.pl\\\/en\\\/phd-studies\\\/ects-catalogue\\\/\",\"url\":\"https:\\\/\\\/igcz.poznan.pl\\\/en\\\/phd-studies\\\/ects-catalogue\\\/\",\"name\":\"ECTS Catalogue - Institute of Human Genetics Polish Academy of Sciences\",\"isPartOf\":{\"@id\":\"https:\\\/\\\/igcz.poznan.pl\\\/#website\"},\"primaryImageOfPage\":{\"@id\":\"https:\\\/\\\/igcz.poznan.pl\\\/en\\\/phd-studies\\\/ects-catalogue\\\/#primaryimage\"},\"image\":{\"@id\":\"https:\\\/\\\/igcz.poznan.pl\\\/en\\\/phd-studies\\\/ects-catalogue\\\/#primaryimage\"},\"thumbnailUrl\":\"http:\\\/\\\/igcz.poznan.pl\\\/wp-content\\\/uploads\\\/2019\\\/03\\\/struktura-300x277.jpg\",\"datePublished\":\"2019-03-21T13:31:17+00:00\",\"dateModified\":\"2025-09-02T08:23:46+00:00\",\"breadcrumb\":{\"@id\":\"https:\\\/\\\/igcz.poznan.pl\\\/en\\\/phd-studies\\\/ects-catalogue\\\/#breadcrumb\"},\"inLanguage\":\"en-US\",\"potentialAction\":[{\"@type\":\"ReadAction\",\"target\":[\"https:\\\/\\\/igcz.poznan.pl\\\/en\\\/phd-studies\\\/ects-catalogue\\\/\"]}]},{\"@type\":\"ImageObject\",\"inLanguage\":\"en-US\",\"@id\":\"https:\\\/\\\/igcz.poznan.pl\\\/en\\\/phd-studies\\\/ects-catalogue\\\/#primaryimage\",\"url\":\"http:\\\/\\\/igcz.poznan.pl\\\/wp-content\\\/uploads\\\/2019\\\/03\\\/struktura-300x277.jpg\",\"contentUrl\":\"http:\\\/\\\/igcz.poznan.pl\\\/wp-content\\\/uploads\\\/2019\\\/03\\\/struktura-300x277.jpg\"},{\"@type\":\"BreadcrumbList\",\"@id\":\"https:\\\/\\\/igcz.poznan.pl\\\/en\\\/phd-studies\\\/ects-catalogue\\\/#breadcrumb\",\"itemListElement\":[{\"@type\":\"ListItem\",\"position\":1,\"name\":\"Home\",\"item\":\"https:\\\/\\\/igcz.poznan.pl\\\/en\\\/\"},{\"@type\":\"ListItem\",\"position\":2,\"name\":\"PhD studies\",\"item\":\"https:\\\/\\\/igcz.poznan.pl\\\/en\\\/phd-studies\\\/\"},{\"@type\":\"ListItem\",\"position\":3,\"name\":\"ECTS Catalogue\"}]},{\"@type\":\"WebSite\",\"@id\":\"https:\\\/\\\/igcz.poznan.pl\\\/#website\",\"url\":\"https:\\\/\\\/igcz.poznan.pl\\\/\",\"name\":\"Institute of Human Genetics Polish Academy of Sciences\",\"description\":\"\",\"potentialAction\":[{\"@type\":\"SearchAction\",\"target\":{\"@type\":\"EntryPoint\",\"urlTemplate\":\"https:\\\/\\\/igcz.poznan.pl\\\/?s={search_term_string}\"},\"query-input\":{\"@type\":\"PropertyValueSpecification\",\"valueRequired\":true,\"valueName\":\"search_term_string\"}}],\"inLanguage\":\"en-US\"}]}<\/script>\n<!-- \/ Yoast SEO plugin. -->","yoast_head_json":{"title":"ECTS Catalogue - Institute of Human Genetics Polish Academy of Sciences","robots":{"index":"index","follow":"follow","max-snippet":"max-snippet:-1","max-image-preview":"max-image-preview:large","max-video-preview":"max-video-preview:-1"},"canonical":"https:\/\/igcz.poznan.pl\/en\/phd-studies\/ects-catalogue\/","og_locale":"en_US","og_type":"article","og_title":"ECTS Catalogue - Institute of Human Genetics Polish Academy of Sciences","og_description":"General Information on the institution Timetable &#8220;Molecular basis of tumors&#8221; &#8211; winter semester 2025\/26 Language courses Academic calendar Grading system Accommodation Health care Residence \/ visa Student Guide General Information on the institution The Institute of Human Genetics, Polish Academy of Sciences, has a long-standing history. It was founded in 1974 as the Department of [&hellip;]","og_url":"https:\/\/igcz.poznan.pl\/en\/phd-studies\/ects-catalogue\/","og_site_name":"Institute of Human Genetics Polish Academy of Sciences","article_modified_time":"2025-09-02T08:23:46+00:00","og_image":[{"width":717,"height":663,"url":"https:\/\/igcz.poznan.pl\/wp-content\/uploads\/2019\/03\/struktura.jpg","type":"image\/jpeg"}],"twitter_misc":{"Est. reading time":"10 minutes"},"schema":{"@context":"https:\/\/schema.org","@graph":[{"@type":"WebPage","@id":"https:\/\/igcz.poznan.pl\/en\/phd-studies\/ects-catalogue\/","url":"https:\/\/igcz.poznan.pl\/en\/phd-studies\/ects-catalogue\/","name":"ECTS Catalogue - Institute of Human Genetics Polish Academy of Sciences","isPartOf":{"@id":"https:\/\/igcz.poznan.pl\/#website"},"primaryImageOfPage":{"@id":"https:\/\/igcz.poznan.pl\/en\/phd-studies\/ects-catalogue\/#primaryimage"},"image":{"@id":"https:\/\/igcz.poznan.pl\/en\/phd-studies\/ects-catalogue\/#primaryimage"},"thumbnailUrl":"http:\/\/igcz.poznan.pl\/wp-content\/uploads\/2019\/03\/struktura-300x277.jpg","datePublished":"2019-03-21T13:31:17+00:00","dateModified":"2025-09-02T08:23:46+00:00","breadcrumb":{"@id":"https:\/\/igcz.poznan.pl\/en\/phd-studies\/ects-catalogue\/#breadcrumb"},"inLanguage":"en-US","potentialAction":[{"@type":"ReadAction","target":["https:\/\/igcz.poznan.pl\/en\/phd-studies\/ects-catalogue\/"]}]},{"@type":"ImageObject","inLanguage":"en-US","@id":"https:\/\/igcz.poznan.pl\/en\/phd-studies\/ects-catalogue\/#primaryimage","url":"http:\/\/igcz.poznan.pl\/wp-content\/uploads\/2019\/03\/struktura-300x277.jpg","contentUrl":"http:\/\/igcz.poznan.pl\/wp-content\/uploads\/2019\/03\/struktura-300x277.jpg"},{"@type":"BreadcrumbList","@id":"https:\/\/igcz.poznan.pl\/en\/phd-studies\/ects-catalogue\/#breadcrumb","itemListElement":[{"@type":"ListItem","position":1,"name":"Home","item":"https:\/\/igcz.poznan.pl\/en\/"},{"@type":"ListItem","position":2,"name":"PhD studies","item":"https:\/\/igcz.poznan.pl\/en\/phd-studies\/"},{"@type":"ListItem","position":3,"name":"ECTS Catalogue"}]},{"@type":"WebSite","@id":"https:\/\/igcz.poznan.pl\/#website","url":"https:\/\/igcz.poznan.pl\/","name":"Institute of Human Genetics Polish Academy of Sciences","description":"","potentialAction":[{"@type":"SearchAction","target":{"@type":"EntryPoint","urlTemplate":"https:\/\/igcz.poznan.pl\/?s={search_term_string}"},"query-input":{"@type":"PropertyValueSpecification","valueRequired":true,"valueName":"search_term_string"}}],"inLanguage":"en-US"}]}},"_links":{"self":[{"href":"https:\/\/igcz.poznan.pl\/en\/wp-json\/wp\/v2\/pages\/11991","targetHints":{"allow":["GET"]}}],"collection":[{"href":"https:\/\/igcz.poznan.pl\/en\/wp-json\/wp\/v2\/pages"}],"about":[{"href":"https:\/\/igcz.poznan.pl\/en\/wp-json\/wp\/v2\/types\/page"}],"author":[{"embeddable":true,"href":"https:\/\/igcz.poznan.pl\/en\/wp-json\/wp\/v2\/users\/103"}],"replies":[{"embeddable":true,"href":"https:\/\/igcz.poznan.pl\/en\/wp-json\/wp\/v2\/comments?post=11991"}],"version-history":[{"count":14,"href":"https:\/\/igcz.poznan.pl\/en\/wp-json\/wp\/v2\/pages\/11991\/revisions"}],"predecessor-version":[{"id":25970,"href":"https:\/\/igcz.poznan.pl\/en\/wp-json\/wp\/v2\/pages\/11991\/revisions\/25970"}],"up":[{"embeddable":true,"href":"https:\/\/igcz.poznan.pl\/en\/wp-json\/wp\/v2\/pages\/11934"}],"wp:attachment":[{"href":"https:\/\/igcz.poznan.pl\/en\/wp-json\/wp\/v2\/media?parent=11991"}],"curies":[{"name":"wp","href":"https:\/\/api.w.org\/{rel}","templated":true}]}}