{"id":1339,"date":"2015-11-05T15:04:24","date_gmt":"2015-11-05T15:04:24","guid":{"rendered":"http:\/\/igcz.poznan.pl\/en\/institute\/rada-naukowa\/"},"modified":"2024-04-17T13:39:24","modified_gmt":"2024-04-17T13:39:24","slug":"scientific-council","status":"publish","type":"page","link":"https:\/\/igcz.poznan.pl\/en\/institute\/scientific-council\/","title":{"rendered":"Scientific Council 2023-2026"},"content":{"rendered":"<section class=\"wpb-content-wrapper\"><p>[vc_row][vc_column][\/vc_column][\/vc_row][vc_row][vc_column][vc_column_text]<\/p>\n<h3>PAS members called to participate in the work of the Department of Medical Sciences PAS:<\/h3>\n<p>[\/vc_column_text][vc_column_text]<strong>Prof.\u00a0dr\u00a0hab. Barbara Jarz\u0105b<\/strong><br \/>\nNarodowy Instytut Onkologii im.\u00a0Marii Sk\u0142odowskiej-Curie<br \/>\nPa\u0144stwowy Instytut Badawczy Oddzia\u0142 w\u00a0Gliwicach<br \/>\nZak\u0142ad Medycyny Nuklearnej i\u00a0Endokrynologii Onkologicznej<br \/>\nul. Wybrze\u017ce Armii Krajowej 15<br \/>\n44-102 Gliwice[\/vc_column_text][\/vc_column][\/vc_row][vc_row][vc_column width=&#8221;1\/2&#8243;][vc_column_text]<strong>Prof. dr hab. Janusz Limon<br \/>\n<\/strong>Professor Emeritus, GUM[\/vc_column_text][\/vc_column][vc_column width=&#8221;1\/2&#8243;][vc_column_text]<strong>Prof. dr hab. Marek \u015awito\u0144ski, Deputy Chairman of the Scientific Council<\/strong><br \/>\nUniwersytet Przyrodniczy<br \/>\nul. Wo\u0142y\u0144ska 33<br \/>\n60-637 Pozna\u0144[\/vc_column_text][\/vc_column][\/vc_row][vc_row][vc_column width=&#8221;1\/2&#8243;][vc_column_text]<strong>Prof. dr hab. Grzegorz W\u0119grzyn<\/strong><br \/>\nKatedra Biologii Molekularnej UG<br \/>\nul. Wita Stwosza 59<br \/>\n80-308 Gda\u0144sk[\/vc_column_text][\/vc_column][vc_column width=&#8221;1\/2&#8243;][vc_column_text]<strong>Prof. dr hab. Jacek Zaremba<br \/>\n<\/strong>Instytut Psychiatrii i Neurologii<br \/>\nal. Sobieskiego 1\/9<br \/>\n02-957 Warszawa[\/vc_column_text][\/vc_column][\/vc_row][vc_row][vc_column][vc_separator][vc_column_text]<\/p>\n<h3>Individuals with a title or an academic degree and eminent postdoctoral specialists who are not employed at the Institute or are employed part-time:<\/h3>\n<p>[\/vc_column_text][\/vc_column][\/vc_row][vc_row][vc_column width=&#8221;1\/2&#8243;][vc_column_text]<strong>Prof.\u00a0dr\u00a0hab. Leonora Bu\u017ca\u0144ska<\/strong><br \/>\nInstytut Medycyny Do\u015bwiadczalnej i\u00a0Klinicznej im.\u00a0M. Mossakowskiego PAN<br \/>\nul. Adolfa Pawi\u0144skiego 5<br \/>\n02-106 Warszawa[\/vc_column_text][\/vc_column][vc_column width=&#8221;1\/2&#8243;][vc_column_text]<strong>Prof.\u00a0dr\u00a0hab. Andrzej Gamian<\/strong><br \/>\nInstytut Immunologii i\u00a0Terapii Do\u015bwiadczalnej im.\u00a0Ludwika Hirszfelda PAN<br \/>\nul. Weigla 12<br \/>\n53-114 Wroc\u0142aw[\/vc_column_text][\/vc_column][\/vc_row][vc_row][vc_column width=&#8221;1\/2&#8243;][vc_column_text]<strong>Prof.\u00a0dr\u00a0hab. Olga Haus<\/strong><br \/>\nKatedra i\u00a0Zak\u0142ad Genetyki Klinicznej<br \/>\nUniwersytet im.\u00a0Miko\u0142aja Kopernika w\u00a0Toruniu<br \/>\nWydzia\u0142 Lekarski<br \/>\nCollegium Medicum w\u00a0Bydgoszczy<br \/>\nM. Curie Sk\u0142odowskiej 9<br \/>\n85-094 Bydgoszcz[\/vc_column_text][\/vc_column][vc_column width=&#8221;1\/2&#8243;][vc_column_text]<strong>Prof.\u00a0dr\u00a0hab. Piotr Koz\u0142owski<\/strong><br \/>\nZak\u0142ad Genetyki Molekularnej<br \/>\nInstytut Chemii Bioorganicznej PAN<br \/>\nNoskowskiego 12\/14<br \/>\n61-704 Pozna\u0144[\/vc_column_text][\/vc_column][\/vc_row][vc_row][vc_column width=&#8221;1\/2&#8243;][vc_column_text]<strong>Prof.\u00a0dr\u00a0hab. Jan Lubi\u0144ski<\/strong><br \/>\nZak\u0142ad Genetyki i\u00a0Patomorfologii PUM<br \/>\nul. Unii Lubelskiej 1<br \/>\n71-252 Szczecin[\/vc_column_text][\/vc_column][vc_column width=&#8221;1\/2&#8243;][vc_column_text]<strong>Prof. dr hab. Barbara Naganowska<\/strong><br \/>\nZak\u0142ad Genomiki<br \/>\nInstytut Genetyki Ro\u015blin PAN<br \/>\nStrzeszy\u0144ska 32<br \/>\n60-479 Pozna\u0144[\/vc_column_text][\/vc_column][\/vc_row][vc_row][vc_column width=&#8221;1\/2&#8243;][vc_column_text]<strong>Prof. dr hab. Maria S\u0105siadek &#8211; Chairman of the Scientific Council<\/strong><br \/>\nKatedra Patofizjologii<br \/>\nZak\u0142ad Genetyki UM<br \/>\nul. Marcinkowskiego 1<br \/>\n50-368 Wroc\u0142aw[\/vc_column_text][\/vc_column][vc_column width=&#8221;1\/2&#8243;][vc_column_text]<strong>Prof.\u00a0dr\u00a0hab. Krzysztof Sobczak<\/strong><br \/>\nInstytut Biologii Molekularnej i\u00a0Biotechnologii<br \/>\nLaboratorium Terapii Genowej<br \/>\nWydzia\u0142 Biologii UAM<br \/>\nul. Uniwersytetu Pozna\u0144skiego 6<br \/>\n61-614 Pozna\u0144[\/vc_column_text][\/vc_column][\/vc_row][vc_row][vc_column width=&#8221;1\/2&#8243;][vc_column_text]<strong>Prof.\u00a0dr\u00a0hab. Aleksandra Szczepankiewicz<\/strong><br \/>\nPracownia Bada\u0144 Kom\u00f3rkowych i\u00a0Molekularnych<br \/>\nKlinika Pneumonologii, Alergologii Dzieci\u0119cej i\u00a0Immunologii Klinicznej<br \/>\nUniwersytet Medyczny im.\u00a0K. Marcinkowskiego w\u00a0Poznaniu<br \/>\nul. Szpitalna 27\/33<br \/>\n60-572 Pozna\u0144[\/vc_column_text][\/vc_column][vc_column width=&#8221;1\/2&#8243;][vc_column_text]<strong>Prof. dr hab. Maciej Zabel<\/strong><br \/>\nKatedra i Zak\u0142ad Histologii i Embriologii UM<br \/>\nul. \u015awi\u0119cickiego 6<br \/>\n61-781 Pozna\u0144[\/vc_column_text][\/vc_column][\/vc_row][vc_row][vc_column][vc_separator][vc_column_text]<\/p>\n<h3>Individuals with an academic title or habilitated doctoral degree employed at the Institute full-time:<\/h3>\n<p>[\/vc_column_text][\/vc_column][\/vc_row][vc_row][vc_column][vc_column_text]Prof.\u00a0dr\u00a0hab. Marzena Gaj\u0119cka<br \/>\nProf. dr\u00a0hab. Maciej Giefing<br \/>\nProf. dr\u00a0hab. Jadwiga Jaruzelska<br \/>\nProf. dr\u00a0hab. Andrzej P\u0142awski<br \/>\nProf. dr\u00a0hab. Grzegorz Przybylski<br \/>\nProf. dr\u00a0hab. Ryszard S\u0142omski<br \/>\nProf. dr\u00a0hab. Micha\u0142 Witt<br \/>\nProf. dr hab. Ewa Zi\u0119tkiewicz &#8211; Secretary of the Scientific Council<\/p>\n<p>Dr\u00a0hab. Ma\u0142gorzata Dawidowska<br \/>\nDr hab. Agnieszka Dzikiewicz-Krawczyk<br \/>\nDr hab. Ma\u0142gorzata Jarmu\u017c-Szymczak<br \/>\nDr hab. Natalia Rozwadowska<br \/>\nDr hab. Iwona Zi\u00f3\u0142kowska-Suchanek[\/vc_column_text][\/vc_column][\/vc_row][vc_row][vc_column][vc_separator][vc_column_text]<\/p>\n<h3>Representatives of assistant professors with a doctoral degree and of assistants employed at the Institute full-time:<\/h3>\n<p>[\/vc_column_text][\/vc_column][\/vc_row][vc_row][vc_column][vc_column_text]Dr hab. Katarzyna Kiwerska<br \/>\nDr hab. Tomasz Kolanowski<br \/>\nDr Marta Olszewska[\/vc_column_text][\/vc_column][\/vc_row][vc_row][vc_column][vc_column_text]<span style=\"font-size: 12pt;\"><strong>Representative of young scientists<\/strong><\/span>[\/vc_column_text][\/vc_column][\/vc_row][vc_row][vc_column][vc_column_text]Mgr\u00a0Natalia Ma\u0107kowska-Ma\u015blak[\/vc_column_text][\/vc_column][\/vc_row]<\/p>\n<\/section>","protected":false},"excerpt":{"rendered":"<p>[vc_row][vc_column][\/vc_column][\/vc_row][vc_row][vc_column][vc_column_text] PAS members called to participate in the work of the Department of Medical Sciences PAS: [\/vc_column_text][vc_column_text]Prof.\u00a0dr\u00a0hab. Barbara Jarz\u0105b Narodowy Instytut Onkologii im.\u00a0Marii Sk\u0142odowskiej-Curie Pa\u0144stwowy Instytut Badawczy Oddzia\u0142 w\u00a0Gliwicach Zak\u0142ad Medycyny Nuklearnej i\u00a0Endokrynologii Onkologicznej ul. Wybrze\u017ce Armii Krajowej 15 44-102 Gliwice[\/vc_column_text][\/vc_column][\/vc_row][vc_row][vc_column width=&#8221;1\/2&#8243;][vc_column_text]Prof. dr hab. Janusz Limon Professor Emeritus, GUM[\/vc_column_text][\/vc_column][vc_column width=&#8221;1\/2&#8243;][vc_column_text]Prof. dr hab. Marek \u015awito\u0144ski, Deputy [&hellip;]<\/p>\n","protected":false},"author":1,"featured_media":0,"parent":1309,"menu_order":0,"comment_status":"closed","ping_status":"closed","template":"","meta":{"_acf_changed":false,"footnotes":""},"class_list":["post-1339","page","type-page","status-publish","hentry"],"acf":[],"yoast_head":"<!-- This site is optimized with the Yoast SEO plugin v27.3 - https:\/\/yoast.com\/product\/yoast-seo-wordpress\/ -->\n<title>Scientific Council 2023-2026 - Institute of Human Genetics Polish Academy of Sciences<\/title>\n<meta name=\"robots\" content=\"index, follow, max-snippet:-1, max-image-preview:large, max-video-preview:-1\" \/>\n<link rel=\"canonical\" href=\"https:\/\/igcz.poznan.pl\/en\/institute\/scientific-council\/\" \/>\n<meta property=\"og:locale\" content=\"en_US\" \/>\n<meta property=\"og:type\" content=\"article\" \/>\n<meta property=\"og:title\" content=\"Scientific Council 2023-2026 - Institute of Human Genetics Polish Academy of Sciences\" \/>\n<meta property=\"og:description\" content=\"[vc_row][vc_column][\/vc_column][\/vc_row][vc_row][vc_column][vc_column_text] PAS members called to participate in the work of the Department of Medical Sciences PAS: [\/vc_column_text][vc_column_text]Prof.\u00a0dr\u00a0hab. Barbara Jarz\u0105b Narodowy Instytut Onkologii im.\u00a0Marii Sk\u0142odowskiej-Curie Pa\u0144stwowy Instytut Badawczy Oddzia\u0142 w\u00a0Gliwicach Zak\u0142ad Medycyny Nuklearnej i\u00a0Endokrynologii Onkologicznej ul. Wybrze\u017ce Armii Krajowej 15 44-102 Gliwice[\/vc_column_text][\/vc_column][\/vc_row][vc_row][vc_column width=&#8221;1\/2&#8243;][vc_column_text]Prof. dr hab. Janusz Limon Professor Emeritus, GUM[\/vc_column_text][\/vc_column][vc_column width=&#8221;1\/2&#8243;][vc_column_text]Prof. dr hab. Marek \u015awito\u0144ski, Deputy [&hellip;]\" \/>\n<meta property=\"og:url\" content=\"https:\/\/igcz.poznan.pl\/en\/institute\/scientific-council\/\" \/>\n<meta property=\"og:site_name\" content=\"Institute of Human Genetics Polish Academy of Sciences\" \/>\n<meta property=\"article:modified_time\" content=\"2024-04-17T13:39:24+00:00\" \/>\n<meta name=\"twitter:label1\" content=\"Est. reading time\" \/>\n\t<meta name=\"twitter:data1\" content=\"3 minutes\" \/>\n<script type=\"application\/ld+json\" class=\"yoast-schema-graph\">{\"@context\":\"https:\\\/\\\/schema.org\",\"@graph\":[{\"@type\":\"WebPage\",\"@id\":\"https:\\\/\\\/igcz.poznan.pl\\\/en\\\/institute\\\/scientific-council\\\/\",\"url\":\"https:\\\/\\\/igcz.poznan.pl\\\/en\\\/institute\\\/scientific-council\\\/\",\"name\":\"Scientific Council 2023-2026 - Institute of Human Genetics Polish Academy of Sciences\",\"isPartOf\":{\"@id\":\"https:\\\/\\\/igcz.poznan.pl\\\/#website\"},\"datePublished\":\"2015-11-05T15:04:24+00:00\",\"dateModified\":\"2024-04-17T13:39:24+00:00\",\"breadcrumb\":{\"@id\":\"https:\\\/\\\/igcz.poznan.pl\\\/en\\\/institute\\\/scientific-council\\\/#breadcrumb\"},\"inLanguage\":\"en-US\",\"potentialAction\":[{\"@type\":\"ReadAction\",\"target\":[\"https:\\\/\\\/igcz.poznan.pl\\\/en\\\/institute\\\/scientific-council\\\/\"]}]},{\"@type\":\"BreadcrumbList\",\"@id\":\"https:\\\/\\\/igcz.poznan.pl\\\/en\\\/institute\\\/scientific-council\\\/#breadcrumb\",\"itemListElement\":[{\"@type\":\"ListItem\",\"position\":1,\"name\":\"Home\",\"item\":\"https:\\\/\\\/igcz.poznan.pl\\\/en\\\/\"},{\"@type\":\"ListItem\",\"position\":2,\"name\":\"Institute\",\"item\":\"https:\\\/\\\/igcz.poznan.pl\\\/en\\\/institute\\\/\"},{\"@type\":\"ListItem\",\"position\":3,\"name\":\"Scientific Council 2023-2026\"}]},{\"@type\":\"WebSite\",\"@id\":\"https:\\\/\\\/igcz.poznan.pl\\\/#website\",\"url\":\"https:\\\/\\\/igcz.poznan.pl\\\/\",\"name\":\"Institute of Human Genetics Polish Academy of Sciences\",\"description\":\"\",\"potentialAction\":[{\"@type\":\"SearchAction\",\"target\":{\"@type\":\"EntryPoint\",\"urlTemplate\":\"https:\\\/\\\/igcz.poznan.pl\\\/?s={search_term_string}\"},\"query-input\":{\"@type\":\"PropertyValueSpecification\",\"valueRequired\":true,\"valueName\":\"search_term_string\"}}],\"inLanguage\":\"en-US\"}]}<\/script>\n<!-- \/ Yoast SEO plugin. -->","yoast_head_json":{"title":"Scientific Council 2023-2026 - Institute of Human Genetics Polish Academy of Sciences","robots":{"index":"index","follow":"follow","max-snippet":"max-snippet:-1","max-image-preview":"max-image-preview:large","max-video-preview":"max-video-preview:-1"},"canonical":"https:\/\/igcz.poznan.pl\/en\/institute\/scientific-council\/","og_locale":"en_US","og_type":"article","og_title":"Scientific Council 2023-2026 - Institute of Human Genetics Polish Academy of Sciences","og_description":"[vc_row][vc_column][\/vc_column][\/vc_row][vc_row][vc_column][vc_column_text] PAS members called to participate in the work of the Department of Medical Sciences PAS: [\/vc_column_text][vc_column_text]Prof.\u00a0dr\u00a0hab. Barbara Jarz\u0105b Narodowy Instytut Onkologii im.\u00a0Marii Sk\u0142odowskiej-Curie Pa\u0144stwowy Instytut Badawczy Oddzia\u0142 w\u00a0Gliwicach Zak\u0142ad Medycyny Nuklearnej i\u00a0Endokrynologii Onkologicznej ul. Wybrze\u017ce Armii Krajowej 15 44-102 Gliwice[\/vc_column_text][\/vc_column][\/vc_row][vc_row][vc_column width=&#8221;1\/2&#8243;][vc_column_text]Prof. dr hab. Janusz Limon Professor Emeritus, GUM[\/vc_column_text][\/vc_column][vc_column width=&#8221;1\/2&#8243;][vc_column_text]Prof. dr hab. Marek \u015awito\u0144ski, Deputy [&hellip;]","og_url":"https:\/\/igcz.poznan.pl\/en\/institute\/scientific-council\/","og_site_name":"Institute of Human Genetics Polish Academy of Sciences","article_modified_time":"2024-04-17T13:39:24+00:00","twitter_misc":{"Est. reading time":"3 minutes"},"schema":{"@context":"https:\/\/schema.org","@graph":[{"@type":"WebPage","@id":"https:\/\/igcz.poznan.pl\/en\/institute\/scientific-council\/","url":"https:\/\/igcz.poznan.pl\/en\/institute\/scientific-council\/","name":"Scientific Council 2023-2026 - Institute of Human Genetics Polish Academy of Sciences","isPartOf":{"@id":"https:\/\/igcz.poznan.pl\/#website"},"datePublished":"2015-11-05T15:04:24+00:00","dateModified":"2024-04-17T13:39:24+00:00","breadcrumb":{"@id":"https:\/\/igcz.poznan.pl\/en\/institute\/scientific-council\/#breadcrumb"},"inLanguage":"en-US","potentialAction":[{"@type":"ReadAction","target":["https:\/\/igcz.poznan.pl\/en\/institute\/scientific-council\/"]}]},{"@type":"BreadcrumbList","@id":"https:\/\/igcz.poznan.pl\/en\/institute\/scientific-council\/#breadcrumb","itemListElement":[{"@type":"ListItem","position":1,"name":"Home","item":"https:\/\/igcz.poznan.pl\/en\/"},{"@type":"ListItem","position":2,"name":"Institute","item":"https:\/\/igcz.poznan.pl\/en\/institute\/"},{"@type":"ListItem","position":3,"name":"Scientific Council 2023-2026"}]},{"@type":"WebSite","@id":"https:\/\/igcz.poznan.pl\/#website","url":"https:\/\/igcz.poznan.pl\/","name":"Institute of Human Genetics Polish Academy of Sciences","description":"","potentialAction":[{"@type":"SearchAction","target":{"@type":"EntryPoint","urlTemplate":"https:\/\/igcz.poznan.pl\/?s={search_term_string}"},"query-input":{"@type":"PropertyValueSpecification","valueRequired":true,"valueName":"search_term_string"}}],"inLanguage":"en-US"}]}},"_links":{"self":[{"href":"https:\/\/igcz.poznan.pl\/en\/wp-json\/wp\/v2\/pages\/1339","targetHints":{"allow":["GET"]}}],"collection":[{"href":"https:\/\/igcz.poznan.pl\/en\/wp-json\/wp\/v2\/pages"}],"about":[{"href":"https:\/\/igcz.poznan.pl\/en\/wp-json\/wp\/v2\/types\/page"}],"author":[{"embeddable":true,"href":"https:\/\/igcz.poznan.pl\/en\/wp-json\/wp\/v2\/users\/1"}],"replies":[{"embeddable":true,"href":"https:\/\/igcz.poznan.pl\/en\/wp-json\/wp\/v2\/comments?post=1339"}],"version-history":[{"count":16,"href":"https:\/\/igcz.poznan.pl\/en\/wp-json\/wp\/v2\/pages\/1339\/revisions"}],"predecessor-version":[{"id":23171,"href":"https:\/\/igcz.poznan.pl\/en\/wp-json\/wp\/v2\/pages\/1339\/revisions\/23171"}],"up":[{"embeddable":true,"href":"https:\/\/igcz.poznan.pl\/en\/wp-json\/wp\/v2\/pages\/1309"}],"wp:attachment":[{"href":"https:\/\/igcz.poznan.pl\/en\/wp-json\/wp\/v2\/media?parent=1339"}],"curies":[{"name":"wp","href":"https:\/\/api.w.org\/{rel}","templated":true}]}}