{"id":15523,"date":"2021-03-02T11:47:14","date_gmt":"2021-03-02T11:47:14","guid":{"rendered":"https:\/\/igcz.poznan.pl\/?page_id=15523\/"},"modified":"2024-09-11T11:19:18","modified_gmt":"2024-09-11T11:19:18","slug":"formularz-wyjazdy-doktorantow","status":"publish","type":"page","link":"https:\/\/igcz.poznan.pl\/en\/formularz-wyjazdy-doktorantow\/","title":{"rendered":"Formularz &#8211; wyjazdy doktorant\u00f3w"},"content":{"rendered":"<div class=\"fcfcontainer\">  <form id=\"epform\" method=\"post\" name=\"form-37\" enctype=\"multipart\/form-data\" action=\"https:\/\/igcz.poznan.pl\/wp-content\/plugins\/fcforms\/addParticipant.php\">  <input type=\"hidden\" name=\"form_id\" value=\"37\">\t<h2>Erasmus+ formularz zg\u0142oszeniowy\/application form<\/h1>    <h3>wyjazdy doktorant\u00f3w\/outgoing PhD students<\/h3><div class=\"fcstextfield\">\n<label for=\"field-0\">Rok akademicki\/Academic year:<\/label>\n<input type=\"text\" name=\"data[rok]\" id=\"field-0\"\/>\n<\/div>\n<div class=\"fcradio\">\n<label>Cel wyjazdu\/Aim of the mobility:<\/label>\n<div class=\"fcoptions fctwo\">\n<input type=\"radio\" id=\"option-1-0\" name=\"data[cel]\" value=\"studia\" checked=\"checked\"\/> \n<label for=\"option-1-0\">studia\/study<\/label>\n<input type=\"radio\" id=\"option-1-1\" name=\"data[cel]\" value=\"praktyki\" \/> \n<label for=\"option-1-1\">praktyki\/traineeships<\/label>\n<\/div>\n<\/div>\n<div class=\"fcselect\">\n<label>Okres pobytu\/Period of stay:<\/label>\n<div class=\"fcoptions\">\n<input type=\"checkbox\" id=\"option-2-0\" name=\"data[okres][0]\" value=\"semestrZimowy\" \/> \n<label for=\"option-2-0\">semestr zimowy\/winter term<\/label>\n<input type=\"checkbox\" id=\"option-2-1\" name=\"data[okres][1]\" value=\"semestrLetni\" \/> \n<label for=\"option-2-1\">semestr letni\/summer term<\/label>\n<input type=\"checkbox\" id=\"option-2-2\" name=\"data[okres][2]\" value=\"inny\" \/> \n<label for=\"option-2-2\">inny\/other<\/label>\n<\/div>\n<\/div>\n<div class=\"fcstextfield\">\n<label for=\"field-3\">Termin pobytu\/Date of stay:<\/label>\n<input type=\"text\" name=\"data[termin]\" id=\"field-3\"\/>\n<\/div>\n<div class=\"fclabelbreak\">\n<p>Dane kandydata\/Candidate's data<\/p>\n<\/div>\n<div class=\"fctextfield\">\n<label for=\"field-5\">Nazwisko\/Surname:<\/label>\n<input type=\"text\" name=\"data[nazwisko]\" id=\"field-5\"\/>\n<\/div>\n<div class=\"fctextfield\">\n<label for=\"field-6\">Imi\u0119\/Name:<\/label>\n<input type=\"text\" name=\"data[imie]\" id=\"field-6\"\/>\n<\/div>\n<div class=\"fcstextfield\">\n<label for=\"field-7\">Narodowo\u015b\u0107\/Nationality:<\/label>\n<input type=\"text\" name=\"data[narodowosc]\" id=\"field-7\"\/>\n<\/div>\n<div class=\"fctextfield\">\n<label for=\"field-8\">Data urodzenia\/Date of birth (dd\/mm\/yyyy):<\/label>\n<input type=\"text\" name=\"data[dataurodzenia]\" id=\"field-8\"\/>\n<\/div>\n<div class=\"fctextfield\">\n<label for=\"field-9\">Pesel (je\u015bli dotyczy\/if applicable):<\/label>\n<input type=\"text\" name=\"data[pesel]\" id=\"field-9\"\/>\n<\/div>\n<div class=\"fcltextfield\">\n<label for=\"field-10\">Adres (ulica, nr, kod pocztowy, miejscowo\u015b\u0107)\/Address (street,No, postal code, city):<\/label>\n<textarea name=\"data[adres]\" id=\"field-10\"\/><\/textarea>\n<\/div>\n<div class=\"fcstextfield\">\n<label for=\"field-11\">Tel\/Phone:<\/label>\n<input type=\"text\" name=\"data[tel]\" id=\"field-11\"\/>\n<\/div>\n<div class=\"fctextfield\">\n<label for=\"field-12\">Email:<\/label>\n<input type=\"text\" name=\"data[_1]\" id=\"field-12\"\/>\n<\/div>\n<div class=\"fctextfield\">\n<label for=\"field-13\">J\u0119zyk\/Language 1:<\/label>\n<input type=\"text\" name=\"data[jezyk1]\" id=\"field-13\"\/>\n<\/div>\n<div class=\"fcradio\">\n<label>Poziom\/Level:<\/label>\n<div class=\"fcoptions\">\n<input type=\"radio\" id=\"option-14-0\" name=\"data[poziom]\" value=\"a1A2\" checked=\"checked\"\/> \n<label for=\"option-14-0\">pocz\u0105tkuj\u0105cy\/beginner (A1-A2)<\/label>\n<input type=\"radio\" id=\"option-14-1\" name=\"data[poziom]\" value=\"b1\" \/> \n<label for=\"option-14-1\">\u015bredniozaawansowany \/intermediate (B1)<\/label>\n<input type=\"radio\" id=\"option-14-2\" name=\"data[poziom]\" value=\"b2\" \/> \n<label for=\"option-14-2\">\u015bredniozaawansowany wy\u017cszy\/upper-intermediate (B2)<\/label>\n<input type=\"radio\" id=\"option-14-3\" name=\"data[poziom]\" value=\"c1C2\" \/> \n<label for=\"option-14-3\">zaawansowany\/advanced (C1-C2)<\/label>\n<\/div>\n<\/div>\n<div class=\"fcstextfield\">\n<label for=\"field-15\">J\u0119zyk\/Language 2:<\/label>\n<input type=\"text\" name=\"data[jezyk2]\" id=\"field-15\"\/>\n<\/div>\n<div class=\"fcradio\">\n<label>Poziom\/Level:<\/label>\n<div class=\"fcoptions\">\n<input type=\"radio\" id=\"option-16-0\" name=\"data[poziom2]\" value=\"a1A2\" checked=\"checked\"\/> \n<label for=\"option-16-0\">pocz\u0105tkuj\u0105cy\/beginner (A1-A2)<\/label>\n<input type=\"radio\" id=\"option-16-1\" name=\"data[poziom2]\" value=\"b1\" \/> \n<label for=\"option-16-1\">\u015bredniozaawansowany\/intermediate (B1)<\/label>\n<input type=\"radio\" id=\"option-16-2\" name=\"data[poziom2]\" value=\"b2\" \/> \n<label for=\"option-16-2\">\u015bredniozaawansowany wy\u017cszy\/ upper-intermediate (B2)<\/label>\n<input type=\"radio\" id=\"option-16-3\" name=\"data[poziom2]\" value=\"c1C2\" \/> \n<label for=\"option-16-3\">zaanwansowany\/advanced (C1-C2)<\/label>\n<\/div>\n<\/div>\n<div class=\"fcstextfield\">\n<label for=\"field-17\">\u015arednia ocen lub ocena na dyplomie\/Grade point average or diploma grade:<\/label>\n<input type=\"text\" name=\"data[srednia]\" id=\"field-17\"\/>\n<\/div>\n<div class=\"fcradio\">\n<label>Niepe\u0142nosprawno\u015b\u0107\/Disability:<\/label>\n<div class=\"fcoptions fctwo\">\n<input type=\"radio\" id=\"option-18-0\" name=\"data[niepelnosprawnosc]\" value=\"tak\" checked=\"checked\"\/> \n<label for=\"option-18-0\">tak\/yes<\/label>\n<input type=\"radio\" id=\"option-18-1\" name=\"data[niepelnosprawnosc]\" value=\"nie\" \/> \n<label for=\"option-18-1\">nie\/no<\/label>\n<\/div>\n<\/div>\n<div class=\"fcradio\">\n<label>Podr\u00f3\u017c w ramach greentravel :<\/label>\n<div class=\"fcoptions fctwo\">\n<input type=\"radio\" id=\"option-19-0\" name=\"data[greentravel]\" value=\"tak\" checked=\"checked\"\/> \n<label for=\"option-19-0\">tak\/yes<\/label>\n<input type=\"radio\" id=\"option-19-1\" name=\"data[greentravel]\" value=\"nie\" \/> \n<label for=\"option-19-1\">nie\/no<\/label>\n<\/div>\n<\/div>\n<div class=\"fclabelbreak\">\n<p>Instytucja przyjmuj\u0105ca\/Receiving institution<\/p>\n<\/div>\n<div class=\"fcstextfield\">\n<label for=\"field-21\">Kraj\/Country:<\/label>\n<input type=\"text\" name=\"data[kraj]\" id=\"field-21\"\/>\n<\/div>\n<div class=\"fctextfield\">\n<label for=\"field-22\">Nazwa instytucji przyjmuj\u0105cej\/Name of the receiving institution:<\/label>\n<input type=\"text\" name=\"data[nazwa]\" id=\"field-22\"\/>\n<\/div>\n<div class=\"fcstextfield\">\n<label for=\"field-23\">Kod Erasmusa instytucji przyjmuj\u0105cej (je\u015bli dotyczy)\/Erasmus code of receiving institution (if applicable):<\/label>\n<input type=\"text\" name=\"data[koderasmusa]\" id=\"field-23\"\/>\n<\/div>\n<div class=\"fclabelbreak\">\n<p>Za\u0142\u0105czniki\/Attachments<\/p>\n<\/div>\n<div class=\"fcinfo\">\n<p>Za\u0142\u0105czniki w formacie JPEG\/PDF, rozmiar ka\u017cdego pliku nie mo\u017ce przekroczy\u0107 3MB\/ The application allows attaching documents in JPEG \/ PDF format, the size of each file cannot exceed 3MB.<\/p>\n<\/div>\n<div class=\"fcattachment\">\n<label for=\"field-26\">CV\/Resume:<\/label>\n<input type=\"file\" name=\"data[cv]\" id=\"field-26\"\/>\n<\/div>\n<div class=\"fcattachment\">\n<label for=\"field-27\">Potwierdzenie przyj\u0119cia na praktyk\u0119\/Confirmation of admission to traineeships:<\/label>\n<input type=\"file\" name=\"data[confirmation]\" id=\"field-27\"\/>\n<\/div>\n  <div class=\"fcfdisclaimer\"><input type=\"checkbox\" name=\"disclaimer-checkbox\" id=\"disclaimer-37\" required><label for=\"disclaimer-37\" class=\"lcheckbox\">Wyra\u017cam zgod\u0119 na przetwarzanie przez Instytut Genetyki Cz\u0142owieka PAN, ul. Strzeszy\u0144ska 32, 60-479 Pozna\u0144, NIP: 7811745737, REGON: 000326428, moich danych osobowych zawartych w zg\u0142oszeniu, w celu i zakresie niezb\u0119dnym do dokumentowania przebiegu studi\u00f3w\/pobytu, sprawozdawczo\u015bci, promocji programu mobilno\u015bciowego i upowszechniania rezultat\u00f3w mobilno\u015bci w szczeg\u00f3lno\u015bci na stronie internetowej http:\/\/igcz.poznan.pl\/ , w mediach spo\u0142eczno\u015bciowych, radio i TV. Zosta\u0142am\/em poinformowana\/y, \u017ce wyra\u017cenie zgody jest dobrowolne oraz \u017ce mam prawo do wycofania zgody w dowolnym momencie, a wycofanie zgody nie wp\u0142ywa na zgodno\u015b\u0107 z prawem przetwarzania, kt\u00f3rego dokonano na jej podstawie przed jej wycofaniem. Zapozna\u0142am\/zapozna\u0142em si\u0119 tak\u017ce z informacj\u0105 dotycz\u0105c\u0105 ochrony danych (klauzula informacyjna)\/\r\n\r\nI consent to the processing by the Institute of Human Genetics PAS, Strzeszy\u0144ska 32 street, 60-479 Pozna\u0144, VAT No: 7811745737, REGON No.: 000326428, my personal data contained in the application, for the purpose and scope necessary to document academic records\/stay, reporting, promotion of the mobility program and dissemination of mobility results, in particular on the website www.igcz.poznan.pl, social media, radio and TV. I have been informed that consent is voluntary and that I have the right to withdraw consent at any time, and that withdrawal of consent does not affect the lawfulness of the processing that was carried out on its basis before its withdrawal. I have also read the information on data protection (information clause).<\/label>  <\/div>    <div class=\"fcfbuttons\">      <button type=\"submit\">Aplikuj\/Apply<\/button>    <\/div>  <\/form><\/div>\n","protected":false},"excerpt":{"rendered":"Erasmus+ formularz zg\u0142oszeniowy\/application form wyjazdy doktorant\u00f3w\/outgoing PhD students Rok akademicki\/Academic year: Cel wyjazdu\/Aim of the mobility: studia\/study praktyki\/traineeships Okres pobytu\/Period of stay: semestr zimowy\/winter term semestr letni\/summer term inny\/other Termin pobytu\/Date of stay: Dane kandydata\/Candidate's data Nazwisko\/Surname: Imi\u0119\/Name: Narodowo\u015b\u0107\/Nationality: Data urodzenia\/Date of birth (dd\/mm\/yyyy): Pesel (je\u015bli dotyczy\/if applicable): Adres (ulica, nr, kod pocztowy, miejscowo\u015b\u0107)\/Address (street,No, [...]","protected":false},"author":147,"featured_media":0,"parent":0,"menu_order":0,"comment_status":"closed","ping_status":"closed","template":"","meta":{"_acf_changed":false,"footnotes":""},"class_list":["post-15523","page","type-page","status-publish","hentry"],"acf":[],"yoast_head":"<!-- This site is optimized with the Yoast SEO plugin v27.4 - https:\/\/yoast.com\/product\/yoast-seo-wordpress\/ -->\n<title>Formularz - wyjazdy doktorant\u00f3w - Institute of Human Genetics Polish Academy of Sciences<\/title>\n<meta name=\"robots\" content=\"index, follow, max-snippet:-1, max-image-preview:large, max-video-preview:-1\" \/>\n<link rel=\"canonical\" href=\"https:\/\/igcz.poznan.pl\/en\/formularz-wyjazdy-doktorantow\/\" \/>\n<meta property=\"og:locale\" content=\"en_US\" \/>\n<meta property=\"og:type\" content=\"article\" \/>\n<meta property=\"og:title\" content=\"Formularz - wyjazdy doktorant\u00f3w - Institute of Human Genetics Polish Academy of Sciences\" \/>\n<meta property=\"og:url\" content=\"https:\/\/igcz.poznan.pl\/en\/formularz-wyjazdy-doktorantow\/\" \/>\n<meta property=\"og:site_name\" content=\"Institute of Human Genetics Polish Academy of Sciences\" \/>\n<meta property=\"article:modified_time\" content=\"2024-09-11T11:19:18+00:00\" \/>\n<meta name=\"twitter:label1\" content=\"Est. reading time\" \/>\n\t<meta name=\"twitter:data1\" content=\"1 minute\" \/>\n<script type=\"application\/ld+json\" class=\"yoast-schema-graph\">{\"@context\":\"https:\\\/\\\/schema.org\",\"@graph\":[{\"@type\":\"WebPage\",\"@id\":\"https:\\\/\\\/igcz.poznan.pl\\\/en\\\/formularz-wyjazdy-doktorantow\\\/\",\"url\":\"https:\\\/\\\/igcz.poznan.pl\\\/en\\\/formularz-wyjazdy-doktorantow\\\/\",\"name\":\"Formularz - wyjazdy doktorant\u00f3w - Institute of Human Genetics Polish Academy of Sciences\",\"isPartOf\":{\"@id\":\"https:\\\/\\\/igcz.poznan.pl\\\/#website\"},\"datePublished\":\"2021-03-02T11:47:14+00:00\",\"dateModified\":\"2024-09-11T11:19:18+00:00\",\"breadcrumb\":{\"@id\":\"https:\\\/\\\/igcz.poznan.pl\\\/en\\\/formularz-wyjazdy-doktorantow\\\/#breadcrumb\"},\"inLanguage\":\"en-US\",\"potentialAction\":[{\"@type\":\"ReadAction\",\"target\":[\"https:\\\/\\\/igcz.poznan.pl\\\/en\\\/formularz-wyjazdy-doktorantow\\\/\"]}]},{\"@type\":\"BreadcrumbList\",\"@id\":\"https:\\\/\\\/igcz.poznan.pl\\\/en\\\/formularz-wyjazdy-doktorantow\\\/#breadcrumb\",\"itemListElement\":[{\"@type\":\"ListItem\",\"position\":1,\"name\":\"Home\",\"item\":\"https:\\\/\\\/igcz.poznan.pl\\\/en\\\/\"},{\"@type\":\"ListItem\",\"position\":2,\"name\":\"Formularz &#8211; wyjazdy doktorant\u00f3w\"}]},{\"@type\":\"WebSite\",\"@id\":\"https:\\\/\\\/igcz.poznan.pl\\\/#website\",\"url\":\"https:\\\/\\\/igcz.poznan.pl\\\/\",\"name\":\"Institute of Human Genetics Polish Academy of Sciences\",\"description\":\"\",\"potentialAction\":[{\"@type\":\"SearchAction\",\"target\":{\"@type\":\"EntryPoint\",\"urlTemplate\":\"https:\\\/\\\/igcz.poznan.pl\\\/?s={search_term_string}\"},\"query-input\":{\"@type\":\"PropertyValueSpecification\",\"valueRequired\":true,\"valueName\":\"search_term_string\"}}],\"inLanguage\":\"en-US\"}]}<\/script>\n<!-- \/ Yoast SEO plugin. -->","yoast_head_json":{"title":"Formularz - wyjazdy doktorant\u00f3w - Institute of Human Genetics Polish Academy of Sciences","robots":{"index":"index","follow":"follow","max-snippet":"max-snippet:-1","max-image-preview":"max-image-preview:large","max-video-preview":"max-video-preview:-1"},"canonical":"https:\/\/igcz.poznan.pl\/en\/formularz-wyjazdy-doktorantow\/","og_locale":"en_US","og_type":"article","og_title":"Formularz - wyjazdy doktorant\u00f3w - Institute of Human Genetics Polish Academy of Sciences","og_url":"https:\/\/igcz.poznan.pl\/en\/formularz-wyjazdy-doktorantow\/","og_site_name":"Institute of Human Genetics Polish Academy of Sciences","article_modified_time":"2024-09-11T11:19:18+00:00","twitter_misc":{"Est. reading time":"1 minute"},"schema":{"@context":"https:\/\/schema.org","@graph":[{"@type":"WebPage","@id":"https:\/\/igcz.poznan.pl\/en\/formularz-wyjazdy-doktorantow\/","url":"https:\/\/igcz.poznan.pl\/en\/formularz-wyjazdy-doktorantow\/","name":"Formularz - wyjazdy doktorant\u00f3w - Institute of Human Genetics Polish Academy of Sciences","isPartOf":{"@id":"https:\/\/igcz.poznan.pl\/#website"},"datePublished":"2021-03-02T11:47:14+00:00","dateModified":"2024-09-11T11:19:18+00:00","breadcrumb":{"@id":"https:\/\/igcz.poznan.pl\/en\/formularz-wyjazdy-doktorantow\/#breadcrumb"},"inLanguage":"en-US","potentialAction":[{"@type":"ReadAction","target":["https:\/\/igcz.poznan.pl\/en\/formularz-wyjazdy-doktorantow\/"]}]},{"@type":"BreadcrumbList","@id":"https:\/\/igcz.poznan.pl\/en\/formularz-wyjazdy-doktorantow\/#breadcrumb","itemListElement":[{"@type":"ListItem","position":1,"name":"Home","item":"https:\/\/igcz.poznan.pl\/en\/"},{"@type":"ListItem","position":2,"name":"Formularz &#8211; wyjazdy doktorant\u00f3w"}]},{"@type":"WebSite","@id":"https:\/\/igcz.poznan.pl\/#website","url":"https:\/\/igcz.poznan.pl\/","name":"Institute of Human Genetics Polish Academy of Sciences","description":"","potentialAction":[{"@type":"SearchAction","target":{"@type":"EntryPoint","urlTemplate":"https:\/\/igcz.poznan.pl\/?s={search_term_string}"},"query-input":{"@type":"PropertyValueSpecification","valueRequired":true,"valueName":"search_term_string"}}],"inLanguage":"en-US"}]}},"_links":{"self":[{"href":"https:\/\/igcz.poznan.pl\/en\/wp-json\/wp\/v2\/pages\/15523","targetHints":{"allow":["GET"]}}],"collection":[{"href":"https:\/\/igcz.poznan.pl\/en\/wp-json\/wp\/v2\/pages"}],"about":[{"href":"https:\/\/igcz.poznan.pl\/en\/wp-json\/wp\/v2\/types\/page"}],"author":[{"embeddable":true,"href":"https:\/\/igcz.poznan.pl\/en\/wp-json\/wp\/v2\/users\/147"}],"replies":[{"embeddable":true,"href":"https:\/\/igcz.poznan.pl\/en\/wp-json\/wp\/v2\/comments?post=15523"}],"version-history":[{"count":3,"href":"https:\/\/igcz.poznan.pl\/en\/wp-json\/wp\/v2\/pages\/15523\/revisions"}],"predecessor-version":[{"id":23978,"href":"https:\/\/igcz.poznan.pl\/en\/wp-json\/wp\/v2\/pages\/15523\/revisions\/23978"}],"wp:attachment":[{"href":"https:\/\/igcz.poznan.pl\/en\/wp-json\/wp\/v2\/media?parent=15523"}],"curies":[{"name":"wp","href":"https:\/\/api.w.org\/{rel}","templated":true}]}}