{"id":15648,"date":"2020-09-04T15:46:43","date_gmt":"2020-09-04T15:46:43","guid":{"rendered":"https:\/\/igcz.poznan.pl\/?page_id=15648\/"},"modified":"2021-06-07T12:08:16","modified_gmt":"2021-06-07T12:08:16","slug":"coronavirus-test","status":"publish","type":"page","link":"https:\/\/igcz.poznan.pl\/en\/coronavirus-test\/","title":{"rendered":"Coronavirus test"},"content":{"rendered":"<table>\n<tbody>\n<tr style=\"height: 108px;\">\n<td style=\"width: 207px; height: 108px; vertical-align: middle;\"><a href=\"http:\/\/igcz.poznan.pl\/struktura\/laboratorium-covid-19\/\"><img loading=\"lazy\" decoding=\"async\" class=\"aligncenter wp-image-14465\" src=\"http:\/\/igcz.poznan.pl\/wp-content\/uploads\/2020\/06\/logo-laboratorium-igc-3x9-1.jpg\" alt=\"\" width=\"194\" height=\"87\" srcset=\"https:\/\/igcz.poznan.pl\/wp-content\/uploads\/2020\/06\/logo-laboratorium-igc-3x9-1.jpg 1062w, https:\/\/igcz.poznan.pl\/wp-content\/uploads\/2020\/06\/logo-laboratorium-igc-3x9-1-300x133.jpg 300w, https:\/\/igcz.poznan.pl\/wp-content\/uploads\/2020\/06\/logo-laboratorium-igc-3x9-1-768x341.jpg 768w, https:\/\/igcz.poznan.pl\/wp-content\/uploads\/2020\/06\/logo-laboratorium-igc-3x9-1-1024x455.jpg 1024w\" sizes=\"auto, (max-width: 194px) 100vw, 194px\" \/><\/a><\/td>\n<td style=\"width: 681px; height: 108px; background-color: #de5071; text-align: center;\">\n<h1><span style=\"color: #ffffff;\"><strong><span class=\"VIiyi\" lang=\"en\"><span class=\"JLqJ4b ChMk0b\" data-language-for-alternatives=\"en\" data-language-to-translate-into=\"auto\" data-phrase-index=\"0\"><span style=\"font-size: 8pt;\"><br \/>\n<\/span><span style=\"color: #ffffff;\"><a style=\"color: #ffffff;\" href=\"tel:. 0048730627103\">Make an appointment: 730 627 103<\/a><\/span><\/span><\/span><\/strong><\/span><\/h1>\n<\/td>\n<\/tr>\n<\/tbody>\n<\/table>\n<table border=\"2\">\n<tbody>\n<tr>\n<td style=\"background-color: #37ba32; text-align: center;\"><a href=\"#1\"><span style=\"color: #ffffff;\"><strong>FAQ<\/strong><\/span><\/a><\/td>\n<td style=\"background-color: #37ba32; text-align: center;\"><a href=\"#2\"><span style=\"color: #ffffff;\"><strong><span class=\"VIiyi\" lang=\"en\"><span class=\"JLqJ4b ChMk0b\" data-language-for-alternatives=\"en\" data-language-to-translate-into=\"auto\" data-phrase-index=\"0\">Read before you call<\/span><\/span><\/strong><\/span><\/a><\/td>\n<\/tr>\n<\/tbody>\n<\/table>\n<p><span style=\"color: #339966; font-size: 14pt;\"><strong><span class=\"VIiyi\" lang=\"en\"><span class=\"JLqJ4b ChMk0b\" data-language-for-alternatives=\"en\" data-language-to-translate-into=\"auto\" data-phrase-index=\"0\">INDIVIDUALS<br \/>\n<\/span><\/span><\/strong><\/span><\/p>\n<table style=\"border-color: #000000; background-color: #0d0000;\" border=\"2\">\n<tbody>\n<tr style=\"height: 55px;\">\n<td style=\"background-color: #37ba32; width: 146.3px; vertical-align: middle; height: 55px;\">\n<p style=\"text-align: center;\"><span style=\"color: #ffffff;\"><strong>Taking a sample<\/strong><\/span><\/p>\n<\/td>\n<td style=\"width: 742.7px; background-color: #f0f7f0; text-align: justify; height: 55px;\">Testing of individuals is performed at their order. The specimen for SARS-CoV-2 and influenza virus infections is an upper respiratory tract swab.<\/td>\n<\/tr>\n<tr style=\"height: 145px;\">\n<td style=\"background-color: #37ba32; width: 146.3px; vertical-align: middle; height: 145px;\">\n<p style=\"text-align: center;\"><span style=\"color: #ffffff;\"><strong>The test<\/strong><\/span><\/p>\n<\/td>\n<td style=\"width: 742.7px; background-color: #f0f7f0; text-align: justify; height: 145px;\">In the detection of SARS-CoV-2 virus, the occurrence of viral sequences is investigated using real time RT-PCR (real-time RT-PCR).<br \/>\nInfluenza virus infections are detected on the basis of identification of sequences characteristic for influenza A or B.<br \/>\nThe tests used in the laboratory are CE-IVD certified.<br \/>\nThe examination is carried out in accordance with WHO recommendations.<br \/>\nThe COVID-19 laboratory is an entity conducting medical activity and is registered on the <a href=\"https:\/\/www.gov.pl\/web\/zdrowie\/lista-laboratoriow-covid\">COVID Laboratory List of the Ministry of Health.<\/a><\/td>\n<\/tr>\n<tr style=\"height: 167.5px;\">\n<td style=\"background-color: #37ba32; width: 146.3px; vertical-align: middle; height: 167.5px;\">\n<p style=\"text-align: center;\"><span style=\"color: #ffffff;\"><strong>The result<\/strong><\/span><\/p>\n<\/td>\n<td style=\"width: 742.7px; background-color: #f0f7f0; text-align: justify; height: 167.5px;\">The result (also possible in English) is issued in the form of a test report containing the data of the tested person and the result of the test, confirmed with the signature and stamp of the laboratory diagnostician (with the number of the right to practice).<br \/>\nThe result can be delivered by e-mail.<br \/>\nCollection of the material until 12:00 &#8211; result within <strong>8 hours.<\/strong><br \/>\nCollection after noon &#8211; result the next day after noon.<br \/>\nPositive results are reported to the appropriate Voivodship Sanitary and Epidemiological Station<\/td>\n<\/tr>\n<tr style=\"height: 50px;\">\n<td style=\"background-color: #37ba32; width: 146.3px; vertical-align: middle; height: 50px; text-align: center;\"><span style=\"color: #ffffff;\"><strong>Test order<\/strong><\/span><\/td>\n<td style=\"width: 742.7px; background-color: #f0f7f0; height: 50px;\"><strong>\u00a0 <a href=\"https:\/\/igcz.poznan.pl\/wp-content\/uploads\/2020\/09\/zlecenie-badania-dla-os%C3%B3b-indywidualnych-27.12.2020-EN.pdf\" target=\"\">TEST ORDER<\/a>,<\/strong>\u00a0 <strong><a href=\"https:\/\/igcz.poznan.pl\/wp-content\/uploads\/2020\/09\/zlecenie-badania-dla-os%C3%B3b-indywidualnych-07.06.2021-antygen-EN.pdf\" target=\"\">ANTIGEN TEST<\/a><\/strong>,\u00a0 <strong><a href=\"https:\/\/igcz.poznan.pl\/wp-content\/uploads\/2020\/09\/Wniosek-o-wydanie-duplikatu-wyniku-badania.pdf\" target=\"\">Application for a duplicate of the test result<\/a><\/strong><\/td>\n<\/tr>\n<tr style=\"height: 50px;\">\n<td style=\"background-color: #37ba32; width: 146.3px; vertical-align: middle; height: 50px;\">\n<p style=\"text-align: center;\"><span style=\"color: #ffffff;\"><strong>Price<\/strong><\/span><\/p>\n<\/td>\n<td style=\"width: 742.7px; background-color: #f0f7f0; height: 50px;\"><span style=\"font-size: 18pt;\"><span style=\"font-size: 12pt;\">Testing of SARS-CoV-2 infection (antigen test) &#8211;\u00a0 PLN<span style=\"color: #ff0000;\"><strong> 140<\/strong><\/span><\/span><br \/>\n<span style=\"font-size: 12pt;\"> Testing of SARS-CoV-2 infection (RT-PCR method) &#8211;\u00a0 PLN<span style=\"color: #ff0000;\"><strong> 350<\/strong><\/span><\/span><br \/>\n<span style=\"font-size: 12pt;\"> Testing of SARS-CoV-2 infection and influenza A and B viruses &#8211; PLN <\/span><span style=\"color: #ff0000;\"><span style=\"font-size: 12pt;\"><strong>480<br \/>\n<\/strong><span style=\"color: #000000;\">Application for a duplicate of the test result &#8211;<\/span><\/span><strong><span style=\"font-size: 12pt;\"> PLN 100<\/span><br \/>\n<\/strong><\/span><\/span><\/td>\n<\/tr>\n<\/tbody>\n<\/table>\n<hr \/>\n<p><span style=\"font-size: 14pt;\"><strong><a id=\"1\"><\/a>FAQ <\/strong><\/span><\/p>\n<p><strong>How quickly do we receive the result?<\/strong><\/p>\n<ul>\n<li>The result of the test from the intake until noon is the same day, the intake after noon &#8211; the result the next day in the afternoon.<\/li>\n<\/ul>\n<p><strong>Can the result be in English?<\/strong><\/p>\n<ul>\n<li>Yes, the result can be issued in English.<\/li>\n<\/ul>\n<p><strong>Can the result be sent by email?<\/strong><\/p>\n<ul>\n<li>Yes, the result can be sent as a pdf to an email address.<\/li>\n<\/ul>\n<p><strong>Where can I collect the result?<\/strong><\/p>\n<ul>\n<li>The result can be collected at the Institute of Human Genetics PAS in Pozna\u0144, 32 Strzeszy\u0144ska Street, 60-479 Pozna\u0144.<\/li>\n<\/ul>\n<p><strong>Are the results recognized by airlines?<\/strong><\/p>\n<ul>\n<li>Yes, the results obtained from the COVID-19 Diagnostic Laboratory are recognized by airlines.<\/li>\n<\/ul>\n<hr \/>\n<p><strong><span style=\"color: #008000;\"><a id=\"2\"><\/a>Before you call &#8211; read this:<br \/>\n<\/span><\/strong><\/p>\n<p>You should make an appointment for the sampling at: <span style=\"color: #ff0000;\"><strong>+48 730 627 103<\/strong><\/span>.<\/p>\n<p>Every day the Laboratory reports all positive results to the Voivodship Sanitary and Epidemiological Station and to the EWP system.<\/p>\n<p>Under the contract with the National Health Fund the laboratory is currently servicing only the Collection Point on Lutycka Street in Pozna\u00f1. Tests are carried out without delay, and all information about the test results is provided by the person ordering the test in this system (first-contact doctor).<\/p>\n<p>Our phones are not a hotline regarding the procedure after finding the infection.<\/p>\n<p>The laboratory does not supervise any services or institutions. This is not the place to direct any comments concerning their proper functioning.<\/p>\n","protected":false},"excerpt":{"rendered":"<p>Make an appointment: 730 627 103 FAQ Read before you call INDIVIDUALS Taking a sample Testing of individuals is performed at their order. The specimen for SARS-CoV-2 and influenza virus infections is an upper respiratory tract swab. The test In the detection of SARS-CoV-2 virus, the occurrence of viral sequences is investigated using real time [&hellip;]<\/p>\n","protected":false},"author":147,"featured_media":0,"parent":0,"menu_order":0,"comment_status":"closed","ping_status":"closed","template":"page-templates\/page-fullwidth.php","meta":{"_acf_changed":false,"footnotes":""},"class_list":["post-15648","page","type-page","status-publish","hentry"],"acf":[],"yoast_head":"<!-- This site is optimized with the Yoast SEO plugin v27.3 - https:\/\/yoast.com\/product\/yoast-seo-wordpress\/ -->\n<title>Coronavirus test - Institute of Human Genetics Polish Academy of Sciences<\/title>\n<meta name=\"robots\" content=\"index, follow, max-snippet:-1, max-image-preview:large, max-video-preview:-1\" \/>\n<link rel=\"canonical\" href=\"https:\/\/igcz.poznan.pl\/en\/coronavirus-test\/\" \/>\n<meta property=\"og:locale\" content=\"en_US\" \/>\n<meta property=\"og:type\" content=\"article\" \/>\n<meta property=\"og:title\" content=\"Coronavirus test - Institute of Human Genetics Polish Academy of Sciences\" \/>\n<meta property=\"og:description\" content=\"Make an appointment: 730 627 103 FAQ Read before you call INDIVIDUALS Taking a sample Testing of individuals is performed at their order. The specimen for SARS-CoV-2 and influenza virus infections is an upper respiratory tract swab. The test In the detection of SARS-CoV-2 virus, the occurrence of viral sequences is investigated using real time [&hellip;]\" \/>\n<meta property=\"og:url\" content=\"https:\/\/igcz.poznan.pl\/en\/coronavirus-test\/\" \/>\n<meta property=\"og:site_name\" content=\"Institute of Human Genetics Polish Academy of Sciences\" \/>\n<meta property=\"article:modified_time\" content=\"2021-06-07T12:08:16+00:00\" \/>\n<meta property=\"og:image\" content=\"http:\/\/igcz.poznan.pl\/wp-content\/uploads\/2020\/06\/logo-laboratorium-igc-3x9-1.jpg\" \/>\n<meta name=\"twitter:label1\" content=\"Est. reading time\" \/>\n\t<meta name=\"twitter:data1\" content=\"2 minutes\" \/>\n<script type=\"application\/ld+json\" class=\"yoast-schema-graph\">{\"@context\":\"https:\\\/\\\/schema.org\",\"@graph\":[{\"@type\":\"WebPage\",\"@id\":\"https:\\\/\\\/igcz.poznan.pl\\\/en\\\/coronavirus-test\\\/\",\"url\":\"https:\\\/\\\/igcz.poznan.pl\\\/en\\\/coronavirus-test\\\/\",\"name\":\"Coronavirus test - Institute of Human Genetics Polish Academy of Sciences\",\"isPartOf\":{\"@id\":\"https:\\\/\\\/igcz.poznan.pl\\\/#website\"},\"primaryImageOfPage\":{\"@id\":\"https:\\\/\\\/igcz.poznan.pl\\\/en\\\/coronavirus-test\\\/#primaryimage\"},\"image\":{\"@id\":\"https:\\\/\\\/igcz.poznan.pl\\\/en\\\/coronavirus-test\\\/#primaryimage\"},\"thumbnailUrl\":\"http:\\\/\\\/igcz.poznan.pl\\\/wp-content\\\/uploads\\\/2020\\\/06\\\/logo-laboratorium-igc-3x9-1.jpg\",\"datePublished\":\"2020-09-04T15:46:43+00:00\",\"dateModified\":\"2021-06-07T12:08:16+00:00\",\"breadcrumb\":{\"@id\":\"https:\\\/\\\/igcz.poznan.pl\\\/en\\\/coronavirus-test\\\/#breadcrumb\"},\"inLanguage\":\"en-US\",\"potentialAction\":[{\"@type\":\"ReadAction\",\"target\":[\"https:\\\/\\\/igcz.poznan.pl\\\/en\\\/coronavirus-test\\\/\"]}]},{\"@type\":\"ImageObject\",\"inLanguage\":\"en-US\",\"@id\":\"https:\\\/\\\/igcz.poznan.pl\\\/en\\\/coronavirus-test\\\/#primaryimage\",\"url\":\"http:\\\/\\\/igcz.poznan.pl\\\/wp-content\\\/uploads\\\/2020\\\/06\\\/logo-laboratorium-igc-3x9-1.jpg\",\"contentUrl\":\"http:\\\/\\\/igcz.poznan.pl\\\/wp-content\\\/uploads\\\/2020\\\/06\\\/logo-laboratorium-igc-3x9-1.jpg\"},{\"@type\":\"BreadcrumbList\",\"@id\":\"https:\\\/\\\/igcz.poznan.pl\\\/en\\\/coronavirus-test\\\/#breadcrumb\",\"itemListElement\":[{\"@type\":\"ListItem\",\"position\":1,\"name\":\"Home\",\"item\":\"https:\\\/\\\/igcz.poznan.pl\\\/en\\\/\"},{\"@type\":\"ListItem\",\"position\":2,\"name\":\"Coronavirus test\"}]},{\"@type\":\"WebSite\",\"@id\":\"https:\\\/\\\/igcz.poznan.pl\\\/#website\",\"url\":\"https:\\\/\\\/igcz.poznan.pl\\\/\",\"name\":\"Institute of Human Genetics Polish Academy of Sciences\",\"description\":\"\",\"potentialAction\":[{\"@type\":\"SearchAction\",\"target\":{\"@type\":\"EntryPoint\",\"urlTemplate\":\"https:\\\/\\\/igcz.poznan.pl\\\/?s={search_term_string}\"},\"query-input\":{\"@type\":\"PropertyValueSpecification\",\"valueRequired\":true,\"valueName\":\"search_term_string\"}}],\"inLanguage\":\"en-US\"}]}<\/script>\n<!-- \/ Yoast SEO plugin. -->","yoast_head_json":{"title":"Coronavirus test - Institute of Human Genetics Polish Academy of Sciences","robots":{"index":"index","follow":"follow","max-snippet":"max-snippet:-1","max-image-preview":"max-image-preview:large","max-video-preview":"max-video-preview:-1"},"canonical":"https:\/\/igcz.poznan.pl\/en\/coronavirus-test\/","og_locale":"en_US","og_type":"article","og_title":"Coronavirus test - Institute of Human Genetics Polish Academy of Sciences","og_description":"Make an appointment: 730 627 103 FAQ Read before you call INDIVIDUALS Taking a sample Testing of individuals is performed at their order. The specimen for SARS-CoV-2 and influenza virus infections is an upper respiratory tract swab. The test In the detection of SARS-CoV-2 virus, the occurrence of viral sequences is investigated using real time [&hellip;]","og_url":"https:\/\/igcz.poznan.pl\/en\/coronavirus-test\/","og_site_name":"Institute of Human Genetics Polish Academy of Sciences","article_modified_time":"2021-06-07T12:08:16+00:00","og_image":[{"url":"http:\/\/igcz.poznan.pl\/wp-content\/uploads\/2020\/06\/logo-laboratorium-igc-3x9-1.jpg","type":"","width":"","height":""}],"twitter_misc":{"Est. reading time":"2 minutes"},"schema":{"@context":"https:\/\/schema.org","@graph":[{"@type":"WebPage","@id":"https:\/\/igcz.poznan.pl\/en\/coronavirus-test\/","url":"https:\/\/igcz.poznan.pl\/en\/coronavirus-test\/","name":"Coronavirus test - Institute of Human Genetics Polish Academy of Sciences","isPartOf":{"@id":"https:\/\/igcz.poznan.pl\/#website"},"primaryImageOfPage":{"@id":"https:\/\/igcz.poznan.pl\/en\/coronavirus-test\/#primaryimage"},"image":{"@id":"https:\/\/igcz.poznan.pl\/en\/coronavirus-test\/#primaryimage"},"thumbnailUrl":"http:\/\/igcz.poznan.pl\/wp-content\/uploads\/2020\/06\/logo-laboratorium-igc-3x9-1.jpg","datePublished":"2020-09-04T15:46:43+00:00","dateModified":"2021-06-07T12:08:16+00:00","breadcrumb":{"@id":"https:\/\/igcz.poznan.pl\/en\/coronavirus-test\/#breadcrumb"},"inLanguage":"en-US","potentialAction":[{"@type":"ReadAction","target":["https:\/\/igcz.poznan.pl\/en\/coronavirus-test\/"]}]},{"@type":"ImageObject","inLanguage":"en-US","@id":"https:\/\/igcz.poznan.pl\/en\/coronavirus-test\/#primaryimage","url":"http:\/\/igcz.poznan.pl\/wp-content\/uploads\/2020\/06\/logo-laboratorium-igc-3x9-1.jpg","contentUrl":"http:\/\/igcz.poznan.pl\/wp-content\/uploads\/2020\/06\/logo-laboratorium-igc-3x9-1.jpg"},{"@type":"BreadcrumbList","@id":"https:\/\/igcz.poznan.pl\/en\/coronavirus-test\/#breadcrumb","itemListElement":[{"@type":"ListItem","position":1,"name":"Home","item":"https:\/\/igcz.poznan.pl\/en\/"},{"@type":"ListItem","position":2,"name":"Coronavirus test"}]},{"@type":"WebSite","@id":"https:\/\/igcz.poznan.pl\/#website","url":"https:\/\/igcz.poznan.pl\/","name":"Institute of Human Genetics Polish Academy of Sciences","description":"","potentialAction":[{"@type":"SearchAction","target":{"@type":"EntryPoint","urlTemplate":"https:\/\/igcz.poznan.pl\/?s={search_term_string}"},"query-input":{"@type":"PropertyValueSpecification","valueRequired":true,"valueName":"search_term_string"}}],"inLanguage":"en-US"}]}},"_links":{"self":[{"href":"https:\/\/igcz.poznan.pl\/en\/wp-json\/wp\/v2\/pages\/15648","targetHints":{"allow":["GET"]}}],"collection":[{"href":"https:\/\/igcz.poznan.pl\/en\/wp-json\/wp\/v2\/pages"}],"about":[{"href":"https:\/\/igcz.poznan.pl\/en\/wp-json\/wp\/v2\/types\/page"}],"author":[{"embeddable":true,"href":"https:\/\/igcz.poznan.pl\/en\/wp-json\/wp\/v2\/users\/147"}],"replies":[{"embeddable":true,"href":"https:\/\/igcz.poznan.pl\/en\/wp-json\/wp\/v2\/comments?post=15648"}],"version-history":[{"count":15,"href":"https:\/\/igcz.poznan.pl\/en\/wp-json\/wp\/v2\/pages\/15648\/revisions"}],"predecessor-version":[{"id":16018,"href":"https:\/\/igcz.poznan.pl\/en\/wp-json\/wp\/v2\/pages\/15648\/revisions\/16018"}],"wp:attachment":[{"href":"https:\/\/igcz.poznan.pl\/en\/wp-json\/wp\/v2\/media?parent=15648"}],"curies":[{"name":"wp","href":"https:\/\/api.w.org\/{rel}","templated":true}]}}