{"id":16614,"date":"2021-09-27T10:05:51","date_gmt":"2021-09-27T10:05:51","guid":{"rendered":"https:\/\/igcz.poznan.pl\/?page_id=16614\/"},"modified":"2023-01-04T12:43:27","modified_gmt":"2023-01-04T12:43:27","slug":"independent-research-group-of-rna-biology","status":"publish","type":"page","link":"https:\/\/igcz.poznan.pl\/en\/structure\/independent-research-groups\/independent-research-group-of-rna-biology\/","title":{"rendered":"Independent Research Group of RNA Biology"},"content":{"rendered":"<table border=\"0\">\n<tbody>\n<tr style=\"height: 290px;\">\n<td style=\"width: 271px; text-align: center; vertical-align: top; height: 290px;\"><span style=\"font-size: 12pt;\">Group leader<\/span><br \/>\n<a href=\"https:\/\/igcz.poznan.pl\/wp-content\/uploads\/2021\/09\/Jadwiga.Jaruzelska5b.jpg\"><img loading=\"lazy\" decoding=\"async\" class=\"aligncenter wp-image-16619 size-full\" src=\"https:\/\/igcz.poznan.pl\/wp-content\/uploads\/2021\/09\/Jadwiga.Jaruzelska5b.jpg\" alt=\"\" width=\"200\" height=\"200\" srcset=\"https:\/\/igcz.poznan.pl\/wp-content\/uploads\/2021\/09\/Jadwiga.Jaruzelska5b.jpg 200w, https:\/\/igcz.poznan.pl\/wp-content\/uploads\/2021\/09\/Jadwiga.Jaruzelska5b-150x150.jpg 150w\" sizes=\"auto, (max-width: 200px) 100vw, 200px\" \/><\/a>JADWIGA JARUZELSKA<br \/>\nProf. of biology<br \/>\njadwiga.jaruzelska@igcz.poznan.pl<br \/>\nphone: +48 616 579 208<br \/>\n<a href=\"http:\/\/igcz.poznan.pl\/wp-content\/uploads\/2016\/06\/CV-Jadwiga-Jaruzelska.pdf\">CV<\/a><\/td>\n<td style=\"width: 617px; height: 290px; text-align: center;\"><a href=\"https:\/\/igcz.poznan.pl\/wp-content\/uploads\/2021\/09\/Model-PUM2a.png\"><img loading=\"lazy\" decoding=\"async\" class=\"aligncenter wp-image-16582 size-full\" src=\"https:\/\/igcz.poznan.pl\/wp-content\/uploads\/2021\/09\/Model-PUM2a.png\" alt=\"\" width=\"700\" height=\"350\" srcset=\"https:\/\/igcz.poznan.pl\/wp-content\/uploads\/2021\/09\/Model-PUM2a.png 700w, https:\/\/igcz.poznan.pl\/wp-content\/uploads\/2021\/09\/Model-PUM2a-300x150.png 300w\" sizes=\"auto, (max-width: 700px) 100vw, 700px\" \/><\/a><span style=\"font-size: 12pt;\"><br \/>\nThe model of RNA-Binding Proteins (RBPs) mediated posttranscriptional gene expression regulation exemplified by a PUM protein<br \/>\n<\/span><\/td>\n<\/tr>\n<\/tbody>\n<\/table>\n<table>\n<tbody>\n<tr>\n<td style=\"text-align: center;\">\n<h4><span style=\"color: #808080;\"><a style=\"color: #808080;\" href=\"#bRNA1\"><strong>Group members<\/strong><\/a><\/span><\/h4>\n<\/td>\n<td style=\"text-align: center;\">\n<h4><span style=\"color: #808080;\"><strong> <a style=\"color: #808080;\" href=\"#bRNA2\">Research<\/a><\/strong><\/span><\/h4>\n<\/td>\n<td style=\"text-align: center;\">\n<h4><span style=\"color: #808080;\"><a style=\"color: #808080;\" href=\"https:\/\/igcz.poznan.pl\/en\/pracownik\/jadwiga-jaruzelska\/#publications\"><strong>Publications<\/strong><\/a><\/span><\/h4>\n<\/td>\n<td style=\"text-align: center;\">\n<h4><span style=\"color: #808080;\"><a style=\"color: #808080;\" href=\"#bRNA3\"><strong>Projects<\/strong><\/a><\/span><\/h4>\n<\/td>\n<td style=\"text-align: center;\">\n<h4><span style=\"color: #808080;\"><a style=\"color: #808080;\" href=\"https:\/\/igcz.poznan.pl\/en\/pracownik\/jadwiga-jaruzelska\/#awards\"><strong>Awards<\/strong><\/a><\/span><\/h4>\n<\/td>\n<\/tr>\n<\/tbody>\n<\/table>\n<table border=\"0\">\n<tbody>\n<tr style=\"height: 33.4667px;\">\n<td style=\"height: 33.4667px; text-align: center; width: 205.3px;\"><strong><a id=\"bRNA1\"><\/a>Assistant professors<\/strong><\/td>\n<td style=\"height: 33.4667px; text-align: center; width: 220.45px;\"><strong>PhD students<\/strong><\/td>\n<td style=\"height: 33.4667px; text-align: center; width: 236.733px;\"><strong>Postdoctoral fellows<\/strong><\/td>\n<td style=\"height: 33.4667px; text-align: center; width: 282.117px;\"><strong>Technical associates<\/strong><\/td>\n<\/tr>\n<tr style=\"height: 408px;\">\n<td style=\"height: 408px; width: 205.3px;\">\n<p style=\"text-align: center;\"><a href=\"https:\/\/igcz.poznan.pl\/wp-content\/uploads\/2021\/09\/GB-K.Kusz-2.jpg\"><img loading=\"lazy\" decoding=\"async\" class=\"aligncenter wp-image-16592\" src=\"https:\/\/igcz.poznan.pl\/wp-content\/uploads\/2021\/09\/GB-K.Kusz-2.jpg\" alt=\"\" width=\"200\" height=\"200\" srcset=\"https:\/\/igcz.poznan.pl\/wp-content\/uploads\/2021\/09\/GB-K.Kusz-2.jpg 200w, https:\/\/igcz.poznan.pl\/wp-content\/uploads\/2021\/09\/GB-K.Kusz-2-150x150.jpg 150w\" sizes=\"auto, (max-width: 200px) 100vw, 200px\" \/><\/a>KAMILA KUSZ-ZAMELCZYK<\/p>\n<p style=\"text-align: center;\">Associate prof. of medical sciences<br \/>\nkamila.kusz-zamelczyk@igcz.poznan.pl<br \/>\n+48 616 579 220<\/p>\n<\/td>\n<td style=\"height: 408px; width: 220.45px;\">\n<p style=\"text-align: center;\"><a href=\"https:\/\/igcz.poznan.pl\/wp-content\/uploads\/2021\/09\/GB-E.Ilaslan-2.jpg\"><img loading=\"lazy\" decoding=\"async\" class=\"aligncenter wp-image-16591\" src=\"https:\/\/igcz.poznan.pl\/wp-content\/uploads\/2021\/09\/GB-E.Ilaslan-2.jpg\" alt=\"\" width=\"200\" height=\"200\" srcset=\"https:\/\/igcz.poznan.pl\/wp-content\/uploads\/2021\/09\/GB-E.Ilaslan-2.jpg 200w, https:\/\/igcz.poznan.pl\/wp-content\/uploads\/2021\/09\/GB-E.Ilaslan-2-150x150.jpg 150w\" sizes=\"auto, (max-width: 200px) 100vw, 200px\" \/><\/a>ERKUT ILASLAN<\/p>\n<p style=\"text-align: center;\">Graduate student<br \/>\nerkut.ilaslan@igcz.poznan.pl<br \/>\n+48 616 579 206<\/p>\n<\/td>\n<td style=\"height: 408px; width: 236.733px;\">\n<p style=\"text-align: center;\"><a href=\"https:\/\/igcz.poznan.pl\/wp-content\/uploads\/2021\/09\/GB-M.Sajek-2.jpg\"><img loading=\"lazy\" decoding=\"async\" class=\"aligncenter wp-image-16590\" src=\"https:\/\/igcz.poznan.pl\/wp-content\/uploads\/2021\/09\/GB-M.Sajek-2.jpg\" alt=\"\" width=\"200\" height=\"200\" srcset=\"https:\/\/igcz.poznan.pl\/wp-content\/uploads\/2021\/09\/GB-M.Sajek-2.jpg 200w, https:\/\/igcz.poznan.pl\/wp-content\/uploads\/2021\/09\/GB-M.Sajek-2-150x150.jpg 150w\" sizes=\"auto, (max-width: 200px) 100vw, 200px\" \/><\/a>MARCIN PIOTR SAJEK<\/p>\n<p style=\"text-align: center;\">PhD in medical sciences<br \/>\nmarcin.sajek@igcz.poznan.pl<br \/>\n+48 616 579 206<\/p>\n<\/td>\n<td style=\"height: 408px; width: 282.117px;\">\n<p style=\"text-align: center;\"><a href=\"https:\/\/igcz.poznan.pl\/wp-content\/uploads\/2021\/09\/GB-K.Kwiatkowska-2.jpeg\"><img loading=\"lazy\" decoding=\"async\" class=\"aligncenter wp-image-16587\" src=\"https:\/\/igcz.poznan.pl\/wp-content\/uploads\/2021\/09\/GB-K.Kwiatkowska-2.jpeg\" alt=\"\" width=\"200\" height=\"200\" srcset=\"https:\/\/igcz.poznan.pl\/wp-content\/uploads\/2021\/09\/GB-K.Kwiatkowska-2.jpeg 200w, https:\/\/igcz.poznan.pl\/wp-content\/uploads\/2021\/09\/GB-K.Kwiatkowska-2-150x150.jpeg 150w\" sizes=\"auto, (max-width: 200px) 100vw, 200px\" \/><\/a>KRYSTYNA KWIATKOWSKA<\/p>\n<p style=\"text-align: center;\">MS. in medical biotech.<br \/>\nkrystyna.kwiatkowska@igcz.poznan.pl<br \/>\n+48 616 579 206<\/p>\n<\/td>\n<\/tr>\n<tr style=\"height: 408px;\">\n<td style=\"width: 205.3px;\"><\/td>\n<td style=\"height: 0px; width: 220.45px;\">\n<p style=\"text-align: center;\"><a href=\"https:\/\/igcz.poznan.pl\/wp-content\/uploads\/2021\/09\/GB-M.Alla-2.jpg\"><img loading=\"lazy\" decoding=\"async\" class=\"aligncenter wp-image-16589\" src=\"https:\/\/igcz.poznan.pl\/wp-content\/uploads\/2021\/09\/GB-M.Alla-2.jpg\" alt=\"\" width=\"200\" height=\"200\" srcset=\"https:\/\/igcz.poznan.pl\/wp-content\/uploads\/2021\/09\/GB-M.Alla-2.jpg 200w, https:\/\/igcz.poznan.pl\/wp-content\/uploads\/2021\/09\/GB-M.Alla-2-150x150.jpg 150w\" sizes=\"auto, (max-width: 200px) 100vw, 200px\" \/><\/a>MATISA ALLA<\/p>\n<p style=\"text-align: center;\">Graduate student<br \/>\nmatisa.alla@igcz.poznan.pl<br \/>\n+48 616 579 207<\/p>\n<\/td>\n<td style=\"height: 0px; width: 236.733px;\">\n<p style=\"text-align: center;\"><a href=\"https:\/\/igcz.poznan.pl\/wp-content\/uploads\/2021\/09\/GB-M.Smialek-2.jpg\"><img loading=\"lazy\" decoding=\"async\" class=\"aligncenter wp-image-16588\" src=\"https:\/\/igcz.poznan.pl\/wp-content\/uploads\/2021\/09\/GB-M.Smialek-2.jpg\" alt=\"\" width=\"200\" height=\"200\" srcset=\"https:\/\/igcz.poznan.pl\/wp-content\/uploads\/2021\/09\/GB-M.Smialek-2.jpg 200w, https:\/\/igcz.poznan.pl\/wp-content\/uploads\/2021\/09\/GB-M.Smialek-2-150x150.jpg 150w\" sizes=\"auto, (max-width: 200px) 100vw, 200px\" \/><\/a>MACIEJ JERZY \u015aMIA\u0141EK<\/p>\n<p style=\"text-align: center;\">PhD in medical sciences<br \/>\nmaciej.smialek@igcz.poznan.pl<br \/>\n+48 616 579 206<\/p>\n<\/td>\n<td style=\"height: 0px; width: 282.117px;\">\n<p style=\"text-align: center;\"><a href=\"https:\/\/igcz.poznan.pl\/wp-content\/uploads\/2021\/09\/person-2a.png\"><img loading=\"lazy\" decoding=\"async\" class=\"aligncenter wp-image-16599 size-full\" src=\"https:\/\/igcz.poznan.pl\/wp-content\/uploads\/2021\/09\/person-2a.png\" alt=\"\" width=\"200\" height=\"200\" srcset=\"https:\/\/igcz.poznan.pl\/wp-content\/uploads\/2021\/09\/person-2a.png 200w, https:\/\/igcz.poznan.pl\/wp-content\/uploads\/2021\/09\/person-2a-150x150.png 150w\" sizes=\"auto, (max-width: 200px) 100vw, 200px\" \/><\/a>\u017bANETA LEMA\u0143SKA<\/p>\n<p style=\"text-align: center;\">MS. in medical biotech.<br \/>\nzaneta.lemanska@igcz.poznan.pl<br \/>\n+48 616 579 206<\/p>\n<\/td>\n<\/tr>\n<tr>\n<td style=\"width: 205.3px;\"><\/td>\n<td style=\"width: 220.45px;\">\n<p style=\"text-align: center;\">\n<\/td>\n<td style=\"width: 236.733px;\">\n<p style=\"text-align: center;\"><a href=\"https:\/\/igcz.poznan.pl\/wp-content\/uploads\/2023\/01\/Lakshmi-Bellary-web2.jpg\"><img loading=\"lazy\" decoding=\"async\" class=\"alignnone size-full wp-image-20191\" src=\"https:\/\/igcz.poznan.pl\/wp-content\/uploads\/2023\/01\/Lakshmi-Bellary-web2.jpg\" alt=\"\" width=\"200\" height=\"200\" srcset=\"https:\/\/igcz.poznan.pl\/wp-content\/uploads\/2023\/01\/Lakshmi-Bellary-web2.jpg 200w, https:\/\/igcz.poznan.pl\/wp-content\/uploads\/2023\/01\/Lakshmi-Bellary-web2-150x150.jpg 150w\" sizes=\"auto, (max-width: 200px) 100vw, 200px\" \/><\/a><span lang=\"EN-US\">LAKSHMI BELLARY<\/span><\/p>\n<p style=\"text-align: center;\"><span lang=\"EN-US\">PhD in animal sciences<\/span><br \/>\n<span lang=\"EN-US\">lakshmi.bellary@igcz.poznan.pl<\/span><br \/>\n+48 616 579 206<\/p>\n<\/td>\n<td style=\"width: 282.117px;\">\n<p style=\"text-align: center;\">\n<\/td>\n<\/tr>\n<\/tbody>\n<\/table>\n<h2><a id=\"bRNA2\"><\/a>Research<\/h2>\n<figure id=\"attachment_16563\" aria-describedby=\"caption-attachment-16563\" style=\"width: 300px\" class=\"wp-caption alignleft\"><a href=\"https:\/\/igcz.poznan.pl\/wp-content\/uploads\/2021\/09\/Pierwotne-kom\u00f3rki-p\u0142ciowe-cz\u0142owieka.png\"><img loading=\"lazy\" decoding=\"async\" class=\"wp-image-16563 size-medium\" title=\"Pierwotne kom\u00f3rki p\u0142ciowe cz\u0142owieka we wczesnym etapie r\u00f3\u017cnicowania, wyprowadzone z linii W15\" src=\"https:\/\/igcz.poznan.pl\/wp-content\/uploads\/2021\/09\/Pierwotne-kom\u00f3rki-p\u0142ciowe-cz\u0142owieka-300x300.png\" alt=\"Pierwotne kom\u00f3rki p\u0142ciowe cz\u0142owieka we wczesnym etapie r\u00f3\u017cnicowania, wyprowadzone z linii W15\" width=\"300\" height=\"300\" srcset=\"https:\/\/igcz.poznan.pl\/wp-content\/uploads\/2021\/09\/Pierwotne-kom\u00f3rki-p\u0142ciowe-cz\u0142owieka-300x300.png 300w, https:\/\/igcz.poznan.pl\/wp-content\/uploads\/2021\/09\/Pierwotne-kom\u00f3rki-p\u0142ciowe-cz\u0142owieka-150x150.png 150w, https:\/\/igcz.poznan.pl\/wp-content\/uploads\/2021\/09\/Pierwotne-kom\u00f3rki-p\u0142ciowe-cz\u0142owieka.png 431w\" sizes=\"auto, (max-width: 300px) 100vw, 300px\" \/><\/a><figcaption id=\"caption-attachment-16563\" class=\"wp-caption-text\">Differentiating human primordial germ-like cells \u2013 PGLCs from human stem cell-line W15<\/figcaption><\/figure>\n<p><strong>Regulation of gene expression in early stages of human germ cell development, in the context of infertility<\/strong><\/p>\n<p>This project is focused on the posttranscriptional regulatory mechanisms of the initial stages of the human germ cell development, involving RNA-binding proteins, such as PUMILIO and their cofactors such as NANOS. These proteins bind 3\u2019 untranslated regions of specific target mRNAs and in cooperation with the miRNA machinery determine their fate. We are identifying ribonucleoprotein (RNP) interactoms built by such proteins and study their dynamics during PGLCs specification and differentiation. In particular, mutated RNA-binding proteins from patients suffering infertility are used to identify potential changes in such interactomes. We expect that such approach will help to pinpoint crucial pathways in germ cell specification and early development and unveil molecular basis of human infertility. As the model, we use the human W15 stem cell-line and differentiate it towards PGLCs. We perform several high throughput approaches analyzes and use bioinformatic tools.<\/p>\n<p><strong>Keywords<\/strong>:\u00a0posttranscriptional gene expression regulation, RNA-binding proteins, microRNAs, germ cells<\/p>\n<p><strong>Identification of novel genes implicated in human sex determination<\/strong><\/p>\n<p>This study is focused on sheding light on molecular mechanisms of sex determination and differentiation on order to understand genetic bases of sex development disorders (DSD). We identified a couple of candidate genes involved in sex determination and differentiation and validate their connection with those processes. We coordinate the work of Polish groups within an international project addressing this issue. The project is conducted by the University of Geneva, in cooperation with the Institute of Human Genetics of the Polish Academy of Sciences in Pozna\u0144, Medical State University of Yerevan, National Academy of Sciences of Ukraine in Kyiv, Pozna\u0144 University of Medical Sciences, and the Children\u2019s Memorial Health Institute in Warsaw.<\/p>\n<p><b>Keywords<\/b>:\u00a0human sex determination, disorders of sex development (DSD)<\/p>\n<h2><a id=\"bRNA3\"><\/a>Projects<\/h2>\n<ul>\n<li>National Science Center Poland 2019\/35\/B\/NZ1\/01665 (2020-2024); NANOS1 RNP-interactome: structure and dynamics during specification\/early stages of human germ cell development \u2013 significance for human reproduction (principal investigator)<\/li>\n<li><em>National Science Center Poland OPUS 2013\/09\/B\/NZ1\/01878<\/em> (2013-2017); Global PUMILIO regulation of mRNAs and role of MAELSTROM, a nuage component and a cancer testis marker, in human seminoma (principal investigator)<\/li>\n<li><em>Swiss National Science Foundation SCOPES number IZ73ZO_152347\/1<\/em> (2013-2016); Genetics of human disorders of sexual development (Polish coordinator)<\/li>\n<\/ul>\n","protected":false},"excerpt":{"rendered":"<p>Group leader JADWIGA JARUZELSKA Prof. of biology jadwiga.jaruzelska@igcz.poznan.pl phone: +48 616 579 208 CV The model of RNA-Binding Proteins (RBPs) mediated posttranscriptional gene expression regulation exemplified by a PUM protein Group members Research Publications Projects Awards Assistant professors PhD students Postdoctoral fellows Technical associates KAMILA KUSZ-ZAMELCZYK Associate prof. of medical sciences kamila.kusz-zamelczyk@igcz.poznan.pl +48 616 579 [&hellip;]<\/p>\n","protected":false},"author":103,"featured_media":0,"parent":11141,"menu_order":0,"comment_status":"closed","ping_status":"closed","template":"page-templates\/page-fullwidth.php","meta":{"_acf_changed":false,"footnotes":""},"class_list":["post-16614","page","type-page","status-publish","hentry"],"acf":[],"yoast_head":"<!-- This site is optimized with the Yoast SEO plugin v27.3 - https:\/\/yoast.com\/product\/yoast-seo-wordpress\/ -->\n<title>Independent Research Group of RNA Biology - Institute of Human Genetics Polish Academy of Sciences<\/title>\n<meta name=\"robots\" content=\"index, follow, max-snippet:-1, max-image-preview:large, max-video-preview:-1\" \/>\n<link rel=\"canonical\" href=\"https:\/\/igcz.poznan.pl\/en\/structure\/independent-research-groups\/independent-research-group-of-rna-biology\/\" \/>\n<meta property=\"og:locale\" content=\"en_US\" \/>\n<meta property=\"og:type\" content=\"article\" \/>\n<meta property=\"og:title\" content=\"Independent Research Group of RNA Biology - Institute of Human Genetics Polish Academy of Sciences\" \/>\n<meta property=\"og:description\" content=\"Group leader JADWIGA JARUZELSKA Prof. of biology jadwiga.jaruzelska@igcz.poznan.pl phone: +48 616 579 208 CV The model of RNA-Binding Proteins (RBPs) mediated posttranscriptional gene expression regulation exemplified by a PUM protein Group members Research Publications Projects Awards Assistant professors PhD students Postdoctoral fellows Technical associates KAMILA KUSZ-ZAMELCZYK Associate prof. of medical sciences kamila.kusz-zamelczyk@igcz.poznan.pl +48 616 579 [&hellip;]\" \/>\n<meta property=\"og:url\" content=\"https:\/\/igcz.poznan.pl\/en\/structure\/independent-research-groups\/independent-research-group-of-rna-biology\/\" \/>\n<meta property=\"og:site_name\" content=\"Institute of Human Genetics Polish Academy of Sciences\" \/>\n<meta property=\"article:modified_time\" content=\"2023-01-04T12:43:27+00:00\" \/>\n<meta property=\"og:image\" content=\"https:\/\/igcz.poznan.pl\/wp-content\/uploads\/2021\/09\/Jadwiga.Jaruzelska5b.jpg\" \/>\n<meta name=\"twitter:label1\" content=\"Est. reading time\" \/>\n\t<meta name=\"twitter:data1\" content=\"6 minutes\" \/>\n<script type=\"application\/ld+json\" class=\"yoast-schema-graph\">{\"@context\":\"https:\\\/\\\/schema.org\",\"@graph\":[{\"@type\":\"WebPage\",\"@id\":\"https:\\\/\\\/igcz.poznan.pl\\\/en\\\/structure\\\/independent-research-groups\\\/independent-research-group-of-rna-biology\\\/\",\"url\":\"https:\\\/\\\/igcz.poznan.pl\\\/en\\\/structure\\\/independent-research-groups\\\/independent-research-group-of-rna-biology\\\/\",\"name\":\"Independent Research Group of RNA Biology - Institute of Human Genetics Polish Academy of Sciences\",\"isPartOf\":{\"@id\":\"https:\\\/\\\/igcz.poznan.pl\\\/#website\"},\"primaryImageOfPage\":{\"@id\":\"https:\\\/\\\/igcz.poznan.pl\\\/en\\\/structure\\\/independent-research-groups\\\/independent-research-group-of-rna-biology\\\/#primaryimage\"},\"image\":{\"@id\":\"https:\\\/\\\/igcz.poznan.pl\\\/en\\\/structure\\\/independent-research-groups\\\/independent-research-group-of-rna-biology\\\/#primaryimage\"},\"thumbnailUrl\":\"https:\\\/\\\/igcz.poznan.pl\\\/wp-content\\\/uploads\\\/2021\\\/09\\\/Jadwiga.Jaruzelska5b.jpg\",\"datePublished\":\"2021-09-27T10:05:51+00:00\",\"dateModified\":\"2023-01-04T12:43:27+00:00\",\"breadcrumb\":{\"@id\":\"https:\\\/\\\/igcz.poznan.pl\\\/en\\\/structure\\\/independent-research-groups\\\/independent-research-group-of-rna-biology\\\/#breadcrumb\"},\"inLanguage\":\"en-US\",\"potentialAction\":[{\"@type\":\"ReadAction\",\"target\":[\"https:\\\/\\\/igcz.poznan.pl\\\/en\\\/structure\\\/independent-research-groups\\\/independent-research-group-of-rna-biology\\\/\"]}]},{\"@type\":\"ImageObject\",\"inLanguage\":\"en-US\",\"@id\":\"https:\\\/\\\/igcz.poznan.pl\\\/en\\\/structure\\\/independent-research-groups\\\/independent-research-group-of-rna-biology\\\/#primaryimage\",\"url\":\"https:\\\/\\\/igcz.poznan.pl\\\/wp-content\\\/uploads\\\/2021\\\/09\\\/Jadwiga.Jaruzelska5b.jpg\",\"contentUrl\":\"https:\\\/\\\/igcz.poznan.pl\\\/wp-content\\\/uploads\\\/2021\\\/09\\\/Jadwiga.Jaruzelska5b.jpg\"},{\"@type\":\"BreadcrumbList\",\"@id\":\"https:\\\/\\\/igcz.poznan.pl\\\/en\\\/structure\\\/independent-research-groups\\\/independent-research-group-of-rna-biology\\\/#breadcrumb\",\"itemListElement\":[{\"@type\":\"ListItem\",\"position\":1,\"name\":\"Home\",\"item\":\"https:\\\/\\\/igcz.poznan.pl\\\/en\\\/\"},{\"@type\":\"ListItem\",\"position\":2,\"name\":\"Structure\",\"item\":\"https:\\\/\\\/igcz.poznan.pl\\\/en\\\/structure\\\/\"},{\"@type\":\"ListItem\",\"position\":3,\"name\":\"Independent Research Groups\",\"item\":\"https:\\\/\\\/igcz.poznan.pl\\\/en\\\/structure\\\/independent-research-groups\\\/\"},{\"@type\":\"ListItem\",\"position\":4,\"name\":\"Independent Research Group of RNA Biology\"}]},{\"@type\":\"WebSite\",\"@id\":\"https:\\\/\\\/igcz.poznan.pl\\\/#website\",\"url\":\"https:\\\/\\\/igcz.poznan.pl\\\/\",\"name\":\"Institute of Human Genetics Polish Academy of Sciences\",\"description\":\"\",\"potentialAction\":[{\"@type\":\"SearchAction\",\"target\":{\"@type\":\"EntryPoint\",\"urlTemplate\":\"https:\\\/\\\/igcz.poznan.pl\\\/?s={search_term_string}\"},\"query-input\":{\"@type\":\"PropertyValueSpecification\",\"valueRequired\":true,\"valueName\":\"search_term_string\"}}],\"inLanguage\":\"en-US\"}]}<\/script>\n<!-- \/ Yoast SEO plugin. -->","yoast_head_json":{"title":"Independent Research Group of RNA Biology - Institute of Human Genetics Polish Academy of Sciences","robots":{"index":"index","follow":"follow","max-snippet":"max-snippet:-1","max-image-preview":"max-image-preview:large","max-video-preview":"max-video-preview:-1"},"canonical":"https:\/\/igcz.poznan.pl\/en\/structure\/independent-research-groups\/independent-research-group-of-rna-biology\/","og_locale":"en_US","og_type":"article","og_title":"Independent Research Group of RNA Biology - Institute of Human Genetics Polish Academy of Sciences","og_description":"Group leader JADWIGA JARUZELSKA Prof. of biology jadwiga.jaruzelska@igcz.poznan.pl phone: +48 616 579 208 CV The model of RNA-Binding Proteins (RBPs) mediated posttranscriptional gene expression regulation exemplified by a PUM protein Group members Research Publications Projects Awards Assistant professors PhD students Postdoctoral fellows Technical associates KAMILA KUSZ-ZAMELCZYK Associate prof. of medical sciences kamila.kusz-zamelczyk@igcz.poznan.pl +48 616 579 [&hellip;]","og_url":"https:\/\/igcz.poznan.pl\/en\/structure\/independent-research-groups\/independent-research-group-of-rna-biology\/","og_site_name":"Institute of Human Genetics Polish Academy of Sciences","article_modified_time":"2023-01-04T12:43:27+00:00","og_image":[{"url":"https:\/\/igcz.poznan.pl\/wp-content\/uploads\/2021\/09\/Jadwiga.Jaruzelska5b.jpg","type":"","width":"","height":""}],"twitter_misc":{"Est. reading time":"6 minutes"},"schema":{"@context":"https:\/\/schema.org","@graph":[{"@type":"WebPage","@id":"https:\/\/igcz.poznan.pl\/en\/structure\/independent-research-groups\/independent-research-group-of-rna-biology\/","url":"https:\/\/igcz.poznan.pl\/en\/structure\/independent-research-groups\/independent-research-group-of-rna-biology\/","name":"Independent Research Group of RNA Biology - Institute of Human Genetics Polish Academy of Sciences","isPartOf":{"@id":"https:\/\/igcz.poznan.pl\/#website"},"primaryImageOfPage":{"@id":"https:\/\/igcz.poznan.pl\/en\/structure\/independent-research-groups\/independent-research-group-of-rna-biology\/#primaryimage"},"image":{"@id":"https:\/\/igcz.poznan.pl\/en\/structure\/independent-research-groups\/independent-research-group-of-rna-biology\/#primaryimage"},"thumbnailUrl":"https:\/\/igcz.poznan.pl\/wp-content\/uploads\/2021\/09\/Jadwiga.Jaruzelska5b.jpg","datePublished":"2021-09-27T10:05:51+00:00","dateModified":"2023-01-04T12:43:27+00:00","breadcrumb":{"@id":"https:\/\/igcz.poznan.pl\/en\/structure\/independent-research-groups\/independent-research-group-of-rna-biology\/#breadcrumb"},"inLanguage":"en-US","potentialAction":[{"@type":"ReadAction","target":["https:\/\/igcz.poznan.pl\/en\/structure\/independent-research-groups\/independent-research-group-of-rna-biology\/"]}]},{"@type":"ImageObject","inLanguage":"en-US","@id":"https:\/\/igcz.poznan.pl\/en\/structure\/independent-research-groups\/independent-research-group-of-rna-biology\/#primaryimage","url":"https:\/\/igcz.poznan.pl\/wp-content\/uploads\/2021\/09\/Jadwiga.Jaruzelska5b.jpg","contentUrl":"https:\/\/igcz.poznan.pl\/wp-content\/uploads\/2021\/09\/Jadwiga.Jaruzelska5b.jpg"},{"@type":"BreadcrumbList","@id":"https:\/\/igcz.poznan.pl\/en\/structure\/independent-research-groups\/independent-research-group-of-rna-biology\/#breadcrumb","itemListElement":[{"@type":"ListItem","position":1,"name":"Home","item":"https:\/\/igcz.poznan.pl\/en\/"},{"@type":"ListItem","position":2,"name":"Structure","item":"https:\/\/igcz.poznan.pl\/en\/structure\/"},{"@type":"ListItem","position":3,"name":"Independent Research Groups","item":"https:\/\/igcz.poznan.pl\/en\/structure\/independent-research-groups\/"},{"@type":"ListItem","position":4,"name":"Independent Research Group of RNA Biology"}]},{"@type":"WebSite","@id":"https:\/\/igcz.poznan.pl\/#website","url":"https:\/\/igcz.poznan.pl\/","name":"Institute of Human Genetics Polish Academy of Sciences","description":"","potentialAction":[{"@type":"SearchAction","target":{"@type":"EntryPoint","urlTemplate":"https:\/\/igcz.poznan.pl\/?s={search_term_string}"},"query-input":{"@type":"PropertyValueSpecification","valueRequired":true,"valueName":"search_term_string"}}],"inLanguage":"en-US"}]}},"_links":{"self":[{"href":"https:\/\/igcz.poznan.pl\/en\/wp-json\/wp\/v2\/pages\/16614","targetHints":{"allow":["GET"]}}],"collection":[{"href":"https:\/\/igcz.poznan.pl\/en\/wp-json\/wp\/v2\/pages"}],"about":[{"href":"https:\/\/igcz.poznan.pl\/en\/wp-json\/wp\/v2\/types\/page"}],"author":[{"embeddable":true,"href":"https:\/\/igcz.poznan.pl\/en\/wp-json\/wp\/v2\/users\/103"}],"replies":[{"embeddable":true,"href":"https:\/\/igcz.poznan.pl\/en\/wp-json\/wp\/v2\/comments?post=16614"}],"version-history":[{"count":6,"href":"https:\/\/igcz.poznan.pl\/en\/wp-json\/wp\/v2\/pages\/16614\/revisions"}],"predecessor-version":[{"id":20193,"href":"https:\/\/igcz.poznan.pl\/en\/wp-json\/wp\/v2\/pages\/16614\/revisions\/20193"}],"up":[{"embeddable":true,"href":"https:\/\/igcz.poznan.pl\/en\/wp-json\/wp\/v2\/pages\/11141"}],"wp:attachment":[{"href":"https:\/\/igcz.poznan.pl\/en\/wp-json\/wp\/v2\/media?parent=16614"}],"curies":[{"name":"wp","href":"https:\/\/api.w.org\/{rel}","templated":true}]}}